{"id":1936,"date":"2021-03-04T10:48:03","date_gmt":"2021-03-04T10:48:03","guid":{"rendered":"https:\/\/elzen.questo.nl\/?page_id=1936"},"modified":"2022-06-21T09:29:37","modified_gmt":"2022-06-21T09:29:37","slug":"stecklinge","status":"publish","type":"page","link":"https:\/\/www.vandenelzenplants.com\/de\/producten\/aardbeiplanten\/stekplanten\/","title":{"rendered":"Stecklinge"},"content":{"rendered":"<section class=\"l-section wpb_row us_custom_48bc2d6b border-bottom-product height_medium\"><div class=\"l-section-h i-cf\"><div class=\"g-cols vc_row via_flex valign_top type_default stacking_default\"><div class=\"vc_col-sm-12 wpb_column vc_column_container\"><div class=\"vc_column-inner\"><div class=\"wpb_wrapper\"><div class=\"w-separator size_huge\"><\/div><div class=\"wpb_text_column us_custom_d9d4f8d7 h1-product-mobile has_text_color\"><div class=\"wpb_wrapper\"><section class=\"av_textblock_section\">\n<h1 class=\"avia_textblock\">STECKLINGE<\/h1>\n<\/section>\n<\/div><\/div>\n\t<div class=\"wpb_raw_code wpb_raw_html wpb_content_element us_custom_61c33ed3\" >\n\t\t<div class=\"wpb_wrapper\">\n\t\t\t<hr class=\"line_kop\">\n\t\t<\/div>\n\t<\/div>\n<\/div><\/div><\/div><\/div><\/div><\/section><section class=\"l-section wpb_row height_medium\"><div class=\"l-section-h i-cf\"><div class=\"g-cols vc_row via_flex valign_top type_default stacking_default\"><div class=\"vc_col-sm-12 wpb_column vc_column_container\"><div class=\"vc_column-inner\"><div class=\"wpb_wrapper\"><div class=\"w-separator size_small\"><\/div><\/div><\/div><\/div><div class=\"vc_col-sm-6 wpb_column vc_column_container\"><div class=\"vc_column-inner\"><div class=\"wpb_wrapper\"><div class=\"w-btn-wrapper align_none\"><a class=\"w-btn us-btn-style_5 icon_atleft\" title=\"Erdbeerpflanzen\" href=\"\/de\/producten\/aardbeiplanten\/\"><i class=\"fas fa-angle-left\"><\/i><span class=\"w-btn-label\">Zur\u00fcck zur \u00dcbersicht<\/span><\/a><\/div><div class=\"w-separator size_small\"><\/div><div class=\"wpb_text_column\"><div class=\"wpb_wrapper\"><p>Stecklinge sind Pflanzen mit aktiven Wurzelstellen, die zum Herstellen von Tray- oder Minitraypflanzen oder Topfgr\u00fcnpflanzen verwendet werden. Van den Elzen Plants produziert Stecklinge auf zwei Weisen. Drinnen, im Gew\u00e4chshaus h\u00e4ngend (Gew\u00e4chshaussteckling) und drau\u00dfen, auf Strohbetten (Strohsteckling). Van den Elzen Plants verwendet f\u00fcr die Steckling Produktion sowohl BM2- als auch BM5-Mutterpflanzen. Die Stecklinge werden von Juni bis Anfang August geschnitten, sortiert und dann frisch vermehrt oder an die Kunden geliefert.<\/p>\n<\/div><\/div><\/div><\/div><\/div><div class=\"vc_col-sm-6 wpb_column vc_column_container\"><div class=\"vc_column-inner\"><div class=\"wpb_wrapper\"><\/div><\/div><\/div><\/div><\/div><\/section>","protected":false},"excerpt":{"rendered":"STEKPLANTEN Terug naar overzichtStekplanten zijn planten met actieve wortelpunten, die gebruikt worden voor het maken van (mini)tray planten of misted tips. Van den Elzen Plants produceert stekplanten op twee manieren. Binnen, hangend in de kas (kasstek) en buiten, op strobedden (strostek). Van den Elzen Plants gebruikt zowel BM2 als BM5 moederplanten om stek te produceren....","protected":false},"author":2,"featured_media":0,"parent":3576,"menu_order":0,"comment_status":"closed","ping_status":"closed","template":"","meta":{"footnotes":""},"class_list":["post-1936","page","type-page","status-publish","hentry"],"yoast_head":"<!-- This site is optimized with the Yoast SEO plugin v27.3 - https:\/\/yoast.com\/product\/yoast-seo-wordpress\/ -->\n<title>Stekplanten - Van Den Elzen<\/title>\n<meta name=\"robots\" content=\"index, follow, max-snippet:-1, max-image-preview:large, max-video-preview:-1\" \/>\n<link rel=\"canonical\" href=\"https:\/\/www.vandenelzenplants.com\/de\/producten\/aardbeiplanten\/stecklinge\/\" \/>\n<meta property=\"og:locale\" content=\"de_DE\" \/>\n<meta property=\"og:type\" content=\"article\" \/>\n<meta property=\"og:title\" content=\"Stekplanten - Van Den Elzen\" \/>\n<meta property=\"og:url\" content=\"https:\/\/www.vandenelzenplants.com\/de\/producten\/aardbeiplanten\/stecklinge\/\" \/>\n<meta property=\"og:site_name\" content=\"Van Den Elzen\" \/>\n<meta property=\"article:publisher\" content=\"https:\/\/nl-nl.facebook.com\/pages\/category\/Interest\/Van-den-Elzen-Plants-1284105098316678\/\" \/>\n<meta property=\"article:modified_time\" content=\"2022-06-21T09:29:37+00:00\" \/>\n<meta name=\"twitter:card\" content=\"summary_large_image\" \/>\n<meta name=\"twitter:label1\" content=\"Gesch\u00e4tzte Lesezeit\" \/>\n\t<meta name=\"twitter:data1\" content=\"1\u00a0Minute\" \/>\n<script type=\"application\/ld+json\" class=\"yoast-schema-graph\">{\"@context\":\"https:\\\/\\\/schema.org\",\"@graph\":[{\"@type\":\"WebPage\",\"@id\":\"https:\\\/\\\/www.vandenelzenplants.com\\\/producten\\\/aardbeiplanten\\\/stekplanten\\\/\",\"url\":\"https:\\\/\\\/www.vandenelzenplants.com\\\/producten\\\/aardbeiplanten\\\/stekplanten\\\/\",\"name\":\"Stekplanten - Van Den Elzen\",\"isPartOf\":{\"@id\":\"https:\\\/\\\/www.vandenelzenplants.com\\\/#website\"},\"datePublished\":\"2021-03-04T10:48:03+00:00\",\"dateModified\":\"2022-06-21T09:29:37+00:00\",\"breadcrumb\":{\"@id\":\"https:\\\/\\\/www.vandenelzenplants.com\\\/producten\\\/aardbeiplanten\\\/stekplanten\\\/#breadcrumb\"},\"inLanguage\":\"de\",\"potentialAction\":[{\"@type\":\"ReadAction\",\"target\":[\"https:\\\/\\\/www.vandenelzenplants.com\\\/producten\\\/aardbeiplanten\\\/stekplanten\\\/\"]}]},{\"@type\":\"BreadcrumbList\",\"@id\":\"https:\\\/\\\/www.vandenelzenplants.com\\\/producten\\\/aardbeiplanten\\\/stekplanten\\\/#breadcrumb\",\"itemListElement\":[{\"@type\":\"ListItem\",\"position\":1,\"name\":\"Home\",\"item\":\"https:\\\/\\\/www.vandenelzenplants.com\\\/\"},{\"@type\":\"ListItem\",\"position\":2,\"name\":\"Producten\",\"item\":\"https:\\\/\\\/www.vandenelzenplants.com\\\/producten\\\/\"},{\"@type\":\"ListItem\",\"position\":3,\"name\":\"Aardbeienplanten\",\"item\":\"https:\\\/\\\/www.vandenelzenplants.com\\\/producten\\\/aardbeiplanten\\\/\"},{\"@type\":\"ListItem\",\"position\":4,\"name\":\"Stekplanten\"}]},{\"@type\":\"WebSite\",\"@id\":\"https:\\\/\\\/www.vandenelzenplants.com\\\/#website\",\"url\":\"https:\\\/\\\/www.vandenelzenplants.com\\\/\",\"name\":\"Van Den Elzen\",\"description\":\"Experts in propagation\",\"publisher\":{\"@id\":\"https:\\\/\\\/www.vandenelzenplants.com\\\/#organization\"},\"potentialAction\":[{\"@type\":\"SearchAction\",\"target\":{\"@type\":\"EntryPoint\",\"urlTemplate\":\"https:\\\/\\\/www.vandenelzenplants.com\\\/?s={search_term_string}\"},\"query-input\":{\"@type\":\"PropertyValueSpecification\",\"valueRequired\":true,\"valueName\":\"search_term_string\"}}],\"inLanguage\":\"de\"},{\"@type\":\"Organization\",\"@id\":\"https:\\\/\\\/www.vandenelzenplants.com\\\/#organization\",\"name\":\"Van Den Elzen plants\",\"url\":\"https:\\\/\\\/www.vandenelzenplants.com\\\/\",\"logo\":{\"@type\":\"ImageObject\",\"inLanguage\":\"de\",\"@id\":\"https:\\\/\\\/www.vandenelzenplants.com\\\/#\\\/schema\\\/logo\\\/image\\\/\",\"url\":\"https:\\\/\\\/www.vandenelzenplants.com\\\/wp-content\\\/uploads\\\/2021\\\/03\\\/Logo_Van-den-Elzen_v2.png\",\"contentUrl\":\"https:\\\/\\\/www.vandenelzenplants.com\\\/wp-content\\\/uploads\\\/2021\\\/03\\\/Logo_Van-den-Elzen_v2.png\",\"width\":340,\"height\":393,\"caption\":\"Van Den Elzen plants\"},\"image\":{\"@id\":\"https:\\\/\\\/www.vandenelzenplants.com\\\/#\\\/schema\\\/logo\\\/image\\\/\"},\"sameAs\":[\"https:\\\/\\\/nl-nl.facebook.com\\\/pages\\\/category\\\/Interest\\\/Van-den-Elzen-Plants-1284105098316678\\\/\",\"https:\\\/\\\/www.instagram.com\\\/vandenelzenplants\\\/\",\"https:\\\/\\\/www.youtube.com\\\/channel\\\/UCTTrDs1pCRfyTQh7ov9tgLw\"]}]}<\/script>\n<!-- \/ Yoast SEO plugin. -->","yoast_head_json":{"title":"Stekplanten - Van Den Elzen","robots":{"index":"index","follow":"follow","max-snippet":"max-snippet:-1","max-image-preview":"max-image-preview:large","max-video-preview":"max-video-preview:-1"},"canonical":"https:\/\/www.vandenelzenplants.com\/de\/producten\/aardbeiplanten\/stecklinge\/","og_locale":"de_DE","og_type":"article","og_title":"Stekplanten - Van Den Elzen","og_url":"https:\/\/www.vandenelzenplants.com\/de\/producten\/aardbeiplanten\/stecklinge\/","og_site_name":"Van Den Elzen","article_publisher":"https:\/\/nl-nl.facebook.com\/pages\/category\/Interest\/Van-den-Elzen-Plants-1284105098316678\/","article_modified_time":"2022-06-21T09:29:37+00:00","twitter_card":"summary_large_image","twitter_misc":{"Gesch\u00e4tzte Lesezeit":"1\u00a0Minute"},"schema":{"@context":"https:\/\/schema.org","@graph":[{"@type":"WebPage","@id":"https:\/\/www.vandenelzenplants.com\/producten\/aardbeiplanten\/stekplanten\/","url":"https:\/\/www.vandenelzenplants.com\/producten\/aardbeiplanten\/stekplanten\/","name":"Stekplanten - Van Den Elzen","isPartOf":{"@id":"https:\/\/www.vandenelzenplants.com\/#website"},"datePublished":"2021-03-04T10:48:03+00:00","dateModified":"2022-06-21T09:29:37+00:00","breadcrumb":{"@id":"https:\/\/www.vandenelzenplants.com\/producten\/aardbeiplanten\/stekplanten\/#breadcrumb"},"inLanguage":"de","potentialAction":[{"@type":"ReadAction","target":["https:\/\/www.vandenelzenplants.com\/producten\/aardbeiplanten\/stekplanten\/"]}]},{"@type":"BreadcrumbList","@id":"https:\/\/www.vandenelzenplants.com\/producten\/aardbeiplanten\/stekplanten\/#breadcrumb","itemListElement":[{"@type":"ListItem","position":1,"name":"Home","item":"https:\/\/www.vandenelzenplants.com\/"},{"@type":"ListItem","position":2,"name":"Producten","item":"https:\/\/www.vandenelzenplants.com\/producten\/"},{"@type":"ListItem","position":3,"name":"Aardbeienplanten","item":"https:\/\/www.vandenelzenplants.com\/producten\/aardbeiplanten\/"},{"@type":"ListItem","position":4,"name":"Stekplanten"}]},{"@type":"WebSite","@id":"https:\/\/www.vandenelzenplants.com\/#website","url":"https:\/\/www.vandenelzenplants.com\/","name":"Van Den Elzen","description":"Experts in propagation","publisher":{"@id":"https:\/\/www.vandenelzenplants.com\/#organization"},"potentialAction":[{"@type":"SearchAction","target":{"@type":"EntryPoint","urlTemplate":"https:\/\/www.vandenelzenplants.com\/?s={search_term_string}"},"query-input":{"@type":"PropertyValueSpecification","valueRequired":true,"valueName":"search_term_string"}}],"inLanguage":"de"},{"@type":"Organization","@id":"https:\/\/www.vandenelzenplants.com\/#organization","name":"Van Den Elzen plants","url":"https:\/\/www.vandenelzenplants.com\/","logo":{"@type":"ImageObject","inLanguage":"de","@id":"https:\/\/www.vandenelzenplants.com\/#\/schema\/logo\/image\/","url":"https:\/\/www.vandenelzenplants.com\/wp-content\/uploads\/2021\/03\/Logo_Van-den-Elzen_v2.png","contentUrl":"https:\/\/www.vandenelzenplants.com\/wp-content\/uploads\/2021\/03\/Logo_Van-den-Elzen_v2.png","width":340,"height":393,"caption":"Van Den Elzen plants"},"image":{"@id":"https:\/\/www.vandenelzenplants.com\/#\/schema\/logo\/image\/"},"sameAs":["https:\/\/nl-nl.facebook.com\/pages\/category\/Interest\/Van-den-Elzen-Plants-1284105098316678\/","https:\/\/www.instagram.com\/vandenelzenplants\/","https:\/\/www.youtube.com\/channel\/UCTTrDs1pCRfyTQh7ov9tgLw"]}]}},"_links":{"self":[{"href":"https:\/\/www.vandenelzenplants.com\/de\/wp-json\/wp\/v2\/pages\/1936","targetHints":{"allow":["GET"]}}],"collection":[{"href":"https:\/\/www.vandenelzenplants.com\/de\/wp-json\/wp\/v2\/pages"}],"about":[{"href":"https:\/\/www.vandenelzenplants.com\/de\/wp-json\/wp\/v2\/types\/page"}],"author":[{"embeddable":true,"href":"https:\/\/www.vandenelzenplants.com\/de\/wp-json\/wp\/v2\/users\/2"}],"replies":[{"embeddable":true,"href":"https:\/\/www.vandenelzenplants.com\/de\/wp-json\/wp\/v2\/comments?post=1936"}],"version-history":[{"count":0,"href":"https:\/\/www.vandenelzenplants.com\/de\/wp-json\/wp\/v2\/pages\/1936\/revisions"}],"up":[{"embeddable":true,"href":"https:\/\/www.vandenelzenplants.com\/de\/wp-json\/wp\/v2\/pages\/3576"}],"wp:attachment":[{"href":"https:\/\/www.vandenelzenplants.com\/de\/wp-json\/wp\/v2\/media?parent=1936"}],"curies":[{"name":"wp","href":"https:\/\/api.w.org\/{rel}","templated":true}]}}