{"id":280,"date":"2021-02-17T13:58:26","date_gmt":"2021-02-17T13:58:26","guid":{"rendered":"https:\/\/elzen.questo.nl\/?page_id=280"},"modified":"2025-08-19T06:44:23","modified_gmt":"2025-08-19T06:44:23","slug":"over-ons","status":"publish","type":"page","link":"https:\/\/www.vandenelzenplants.com\/de\/over-ons\/","title":{"rendered":"\u00dcber uns"},"content":{"rendered":"<section class=\"l-section wpb_row height_auto\"><div class=\"l-section-h i-cf\"><div class=\"g-cols vc_row via_flex valign_middle type_default reversed stacking_default\"><div class=\"vc_col-sm-6 wpb_column vc_column_container\"><div class=\"vc_column-inner\"><div class=\"wpb_wrapper\"><div class=\"w-separator size_small\"><\/div><div class=\"wpb_text_column us_custom_6980b696\"><div class=\"wpb_wrapper\"><h1>\u00dcber uns<\/h1>\n<\/div><\/div>\n\t<div class=\"wpb_raw_code wpb_raw_html wpb_content_element us_custom_909b2fd0\" >\n\t\t<div class=\"wpb_wrapper\">\n\t\t\t<hr class=\"line_kop\">\n\t\t<\/div>\n\t<\/div>\n<div class=\"w-separator size_small\"><\/div><div class=\"wpb_text_column\"><div class=\"wpb_wrapper\"><h2>The best of 2 worlds<\/h2>\n<\/div><\/div><\/div><\/div><\/div><div class=\"vc_col-sm-6 wpb_column vc_column_container border-radius-left-bottom has_bg_color stretched\"><div class=\"vc_column-inner us_custom_4a9bf281\"><div class=\"wpb_wrapper\"><\/div><\/div><\/div><\/div><\/div><\/section><section class=\"l-section wpb_row us_custom_63d558fa height_medium\"><div class=\"l-section-h i-cf\"><div class=\"g-cols vc_row via_flex valign_middle type_default reversed stacking_default\"><div class=\"vc_col-sm-6 wpb_column vc_column_container stretched\"><div class=\"vc_column-inner us_custom_5a516e69\"><div class=\"wpb_wrapper\"><div class=\"w-image border-radius-right-top-bottom align_none\"><div class=\"w-image-h\"><img decoding=\"async\" width=\"1200\" height=\"950\" src=\"https:\/\/www.vandenelzenplants.com\/wp-content\/uploads\/2022\/08\/Onze-kernbelofte_Over-ons_1200x950px.jpg\" class=\"attachment-full size-full\" alt=\"\" loading=\"lazy\" srcset=\"https:\/\/www.vandenelzenplants.com\/wp-content\/uploads\/2022\/08\/Onze-kernbelofte_Over-ons_1200x950px.jpg 1200w, https:\/\/www.vandenelzenplants.com\/wp-content\/uploads\/2022\/08\/Onze-kernbelofte_Over-ons_1200x950px-300x238.jpg 300w, https:\/\/www.vandenelzenplants.com\/wp-content\/uploads\/2022\/08\/Onze-kernbelofte_Over-ons_1200x950px-1024x811.jpg 1024w, https:\/\/www.vandenelzenplants.com\/wp-content\/uploads\/2022\/08\/Onze-kernbelofte_Over-ons_1200x950px-15x12.jpg 15w\" sizes=\"auto, (max-width: 1200px) 100vw, 1200px\" \/><\/div><\/div><\/div><\/div><\/div><div class=\"vc_col-sm-6 wpb_column vc_column_container\"><div class=\"vc_column-inner\"><div class=\"wpb_wrapper\"><div class=\"w-separator size_huge\"><\/div><div class=\"g-cols wpb_row via_flex valign_top type_default stacking_default\"><div class=\"vc_col-sm-12 wpb_column vc_column_container\"><div class=\"vc_column-inner\"><div class=\"wpb_wrapper\"><div class=\"w-separator size_huge\"><\/div><div class=\"wpb_text_column us_custom_4c511532\"><div class=\"wpb_wrapper\"><h2>Unsere<br \/>\nKernversprechen<\/h2>\n<\/div><\/div><\/div><\/div><\/div><div class=\"vc_col-sm-12 wpb_column vc_column_container\"><div class=\"vc_column-inner\"><div class=\"wpb_wrapper\"><div class=\"w-separator size_small\"><\/div>\n\t<div class=\"wpb_raw_code wpb_raw_html wpb_content_element us_custom_909b2fd0\" >\n\t\t<div class=\"wpb_wrapper\">\n\t\t\t<hr class=\"line\">\n\t\t<\/div>\n\t<\/div>\n<div class=\"w-separator size_small\"><\/div><\/div><\/div><\/div><div class=\"vc_col-sm-12 wpb_column vc_column_container\"><div class=\"vc_column-inner\"><div class=\"wpb_wrapper\"><div class=\"wpb_text_column us_custom_a5c88937\"><div class=\"wpb_wrapper\"><p>Van den Elzen Plants setzt sich intensiv f\u00fcr einen erfolgreichen Anbau seiner Kunden ein. Tagt\u00e4glich f\u00fchren wir unsere Arbeiten in dem Bewusstsein aus, dass die Qualit\u00e4t unserer Pflanzen ein entscheidender Faktor f\u00fcr Ihren Erfolg ist. Daher investieren wir in \u201evorhersehbare Qualit\u00e4t\u201c und anhand von internen Schulungen und durch raffinierte Qualit\u00e4tssysteme verbessern wir unsere Organisation st\u00e4ndig. Denn nur so k\u00f6nnen Sie auch weiterhin Ihr Vertrauen in uns setzen und Ihren Erfolg weiter ausbauen.<\/p>\n<\/div><\/div><\/div><\/div><\/div><\/div><div class=\"w-separator size_huge\"><\/div><\/div><\/div><\/div><\/div><\/div><\/section><section class=\"l-section wpb_row us_custom_c3139331 height_auto\"><div class=\"l-section-h i-cf\"><div class=\"g-cols vc_row via_flex valign_top type_default stacking_default\"><div class=\"vc_col-sm-6 wpb_column vc_column_container\"><div class=\"vc_column-inner us_custom_e968d355\"><div class=\"wpb_wrapper\"><div class=\"w-separator size_custom\" style=\"height:100px\" id=\"wfd8\"><style>@media(max-width:1024px){ #wfd8{height:30px!important}}@media(max-width:600px){ #wfd8{height:0px!important}}<\/style><\/div><div class=\"wpb_text_column us_custom_6beadc5c has_text_color\"><div class=\"wpb_wrapper\"><h2>Organisation<\/h2>\n<\/div><\/div>\n\t<div class=\"wpb_raw_code wpb_raw_html wpb_content_element us_custom_909b2fd0\" >\n\t\t<div class=\"wpb_wrapper\">\n\t\t\t<hr class=\"line\">\n\t\t<\/div>\n\t<\/div>\n<div class=\"w-separator size_large\"><\/div><div class=\"wpb_text_column\"><div class=\"wpb_wrapper\"><p>Van den Elzen Plants besch\u00e4ftigt ca. 75 Festangestellte Mitarbeiter, die durch ca. 200-900 Aushilfskr\u00e4fte erg\u00e4nzt werden, um Spitzenzeiten zu bew\u00e4ltigen. Die Direktion besteht aus Arnoud van Asseldonk, Bart van Eerdt, Maurice Deben und Frank Coppens. Gemeinsam konzentrieren wir uns auf unsere wichtigsten Priorit\u00e4ten: Die effiziente Produktion von Erdbeer-, Spargel-, Himbeer-, Brombeer- und Blaubeerpflanzen mit einer berechenbaren, hohen Qualit\u00e4t f\u00fcr den nationalen und internationalen Markt. Dar\u00fcber hinaus streben wir eine h\u00f6chstm\u00f6gliche Versorgungssicherheit f\u00fcr Sie als Kunden an.<\/p>\n<\/div><\/div><div class=\"w-separator size_custom\" style=\"height:20vh\" id=\"a6f2\"><style>@media(max-width:1024px){ #a6f2{height:100px!important}}@media(max-width:600px){ #a6f2{height:20px!important}}<\/style><\/div><\/div><\/div><\/div><div class=\"vc_col-sm-6 wpb_column vc_column_container border-radius-left-top-bottom has_bg_color stretched\"><div class=\"vc_column-inner us_custom_197e8642\"><div class=\"wpb_wrapper\"><\/div><\/div><\/div><\/div><\/div><\/section><section class=\"l-section wpb_row us_custom_6ac696ea height_auto\"><div class=\"l-section-overlay\" style=\"background:#F5F5F5\"><\/div><div class=\"l-section-h i-cf\"><div class=\"g-cols vc_row via_flex valign_top type_default stacking_default\"><div class=\"vc_col-sm-12 wpb_column vc_column_container\"><div class=\"vc_column-inner\"><div class=\"wpb_wrapper\"><div class=\"w-separator size_custom\" style=\"height:200px\" id=\"yb0a\"><style>@media(max-width:1024px){ #yb0a{height:50px!important}}@media(max-width:600px){ #yb0a{height:50px!important}}<\/style><\/div><div class=\"wpb_text_column us_custom_6beadc5c has_text_color\"><div class=\"wpb_wrapper\"><h2>Historie<\/h2>\n<\/div><\/div>\n\t<div class=\"wpb_raw_code wpb_raw_html wpb_content_element us_custom_909b2fd0\" >\n\t\t<div class=\"wpb_wrapper\">\n\t\t\t<hr class=\"line\">\n\t\t<\/div>\n\t<\/div>\n<div class=\"w-separator size_large\"><\/div><\/div><\/div><\/div><div class=\"vc_col-sm-6 wpb_column vc_column_container\"><div class=\"vc_column-inner\"><div class=\"wpb_wrapper\"><div class=\"wpb_text_column us_custom_ab531171\"><div class=\"wpb_wrapper\"><p><u>Fusion<br \/>\n<\/u>Im Jahr 2022 fusionierten Van den Elzen Plantenkwekerij und Het Broek Softfruit. Dadurch entsteht eine der gr\u00f6\u00dften Pflanzenvermehrungsbetrieb  in Nordeuropa. Durch die gemeinsame Nutzung von Wissen, die Verteilung von Risiken und die B\u00fcndelung von St\u00e4rken bilden Van den Elzen Plantenkwekerij und Het Broek Softfruit <strong>ein Team mit dem Besten aus beiden Welten.<\/strong>.<\/p>\n<p><u>Van den Elzen Plantenkwekerij<br \/>\n<\/u>Der Gr\u00fcnder Jan van den Elzen gr\u00fcndete das Unternehmen 1956 als Produzent von Freilandgem\u00fcse und Beerenobst. Von Anfang an zeichnete sich das Unternehmen durch den Einsatz moderner Technik aus, um die W\u00fcnsche der Kunden bestm\u00f6glich zu erf\u00fcllen. In den 70er Jahren war Van den Elzen Plantenkwekerij einer der ersten Gartenbaubetriebe, der sich auf den Anbau von Vermehrungs- und Pflanzmaterial spezialisierte.<\/p>\n<p>Mitte der 80-er Jahre stiegen die S\u00f6hne Jos und Henk hauptberuflich in das Unternehmen ein und \u00fcbernahmen 1996 den Betrieb endg\u00fcltig von ihrem Vater. Im Jahr 2007 wurde neben Erdbeerpflanzen und Spargelkronen auch der Anbau von Himbeer Long Canes in das Sortiment aufgenommen. Diese solide Basis hat das Unternehmen zu einem wichtigen internationalen Spieler mit Kunden in ganz Europa und dar\u00fcber hinaus gemacht.<\/p>\n<\/div><\/div><\/div><\/div><\/div><div class=\"vc_col-sm-6 wpb_column vc_column_container\"><div class=\"vc_column-inner\"><div class=\"wpb_wrapper\"><div class=\"wpb_text_column us_custom_ab531171\"><div class=\"wpb_wrapper\"><p><u>Het Broek Softfruitplants<br \/>\n<\/u>Het Broek Softfruit wurde 1990 von Arnoud und Nancy van Asseldonk gegr\u00fcndet. Zun\u00e4chst produzierten sie Lauch, M\u00f6hren und Erdbeeren. Der Anbau von Erdbeerpflanzen folgte bald und wurde zu einem wichtigen Bestandteil des Unternehmens. Die Produktion von Lauch und M\u00f6hren ging zur\u00fcck und der Verkauf von Pflanzenmaterial gewann an Bedeutung.<\/p>\n<p>Seit 2005 hat sich Arnoud auch auf die Produktion von Himbeer- und Brombeerpflanzen spezialisiert. Seit 2007 arbeitet Het Broek Softfruit eng mit BerryWorld\u00ae zusammen und das exklusive Sortensortiment wurde im Laufe der Jahre erweitert. Die jahrelange Erfahrung mit der eigenen Obstproduktion von Erdbeeren, Himbeeren, Brombeeren und Heidelbeeren hat Het Broek Softfruit zu einem sehr erfolgreichen Unternehmen im Beerenobstsektor gemacht.<\/p>\n<\/div><\/div><\/div><\/div><\/div><div class=\"vc_col-sm-12 wpb_column vc_column_container\"><div class=\"vc_column-inner\"><div class=\"wpb_wrapper\"><div class=\"w-separator size_custom\" style=\"height:150px\" id=\"z617\"><style>@media(max-width:1024px){ #z617{height:50px!important}}@media(max-width:600px){ #z617{height:50px!important}}<\/style><\/div><\/div><\/div><\/div><\/div><\/div><\/section><section class=\"l-section wpb_row height_auto\"><div class=\"l-section-h i-cf\"><div class=\"g-cols vc_row via_flex valign_top type_default stacking_default\"><div class=\"vc_col-sm-12 wpb_column vc_column_container\"><div class=\"vc_column-inner\"><div class=\"wpb_wrapper\"><div class=\"w-separator size_huge\"><\/div><\/div><\/div><\/div><\/div><\/div><\/section><section class=\"l-section wpb_row us_custom_02ec706e height_auto\"><div class=\"l-section-h i-cf\"><div class=\"g-cols vc_row via_flex valign_bottom type_default reversed stacking_default\"><div class=\"vc_col-sm-6 wpb_column vc_column_container stretched\"><div class=\"vc_column-inner us_custom_01b33b16\"><div class=\"wpb_wrapper\"><div class=\"w-image border-radius-right-top align_none\"><div class=\"w-image-h\"><img decoding=\"async\" width=\"1200\" height=\"950\" src=\"https:\/\/www.vandenelzenplants.com\/wp-content\/uploads\/2022\/08\/Kwaliteit-zit-in-onze-genen_Over-ons_1200x950px-1.jpg\" class=\"attachment-full size-full\" alt=\"\" loading=\"lazy\" srcset=\"https:\/\/www.vandenelzenplants.com\/wp-content\/uploads\/2022\/08\/Kwaliteit-zit-in-onze-genen_Over-ons_1200x950px-1.jpg 1200w, https:\/\/www.vandenelzenplants.com\/wp-content\/uploads\/2022\/08\/Kwaliteit-zit-in-onze-genen_Over-ons_1200x950px-1-300x238.jpg 300w, https:\/\/www.vandenelzenplants.com\/wp-content\/uploads\/2022\/08\/Kwaliteit-zit-in-onze-genen_Over-ons_1200x950px-1-1024x811.jpg 1024w, https:\/\/www.vandenelzenplants.com\/wp-content\/uploads\/2022\/08\/Kwaliteit-zit-in-onze-genen_Over-ons_1200x950px-1-15x12.jpg 15w\" sizes=\"auto, (max-width: 1200px) 100vw, 1200px\" \/><\/div><\/div><\/div><\/div><\/div><div class=\"vc_col-sm-6 wpb_column vc_column_container\"><div class=\"vc_column-inner\"><div class=\"wpb_wrapper\"><div class=\"g-cols wpb_row us_custom_bc53ee83 via_flex valign_top type_default stacking_default\"><div class=\"vc_col-sm-12 wpb_column vc_column_container\"><div class=\"vc_column-inner\"><div class=\"wpb_wrapper\"><div class=\"wpb_text_column us_custom_4c511532\"><div class=\"wpb_wrapper\"><h2 class=\"translation-block\">Qualit\u00e4t liegt<br>\nuns im Blut<\/h2>\n<\/div><\/div><\/div><\/div><\/div><div class=\"vc_col-sm-12 wpb_column vc_column_container\"><div class=\"vc_column-inner\"><div class=\"wpb_wrapper\"><div class=\"w-separator size_small\"><\/div>\n\t<div class=\"wpb_raw_code wpb_raw_html wpb_content_element us_custom_909b2fd0\" >\n\t\t<div class=\"wpb_wrapper\">\n\t\t\t<hr class=\"line\">\n\t\t<\/div>\n\t<\/div>\n<div class=\"w-separator size_small\"><\/div><\/div><\/div><\/div><div class=\"vc_col-sm-12 wpb_column vc_column_container\"><div class=\"vc_column-inner\"><div class=\"wpb_wrapper\"><div class=\"wpb_text_column us_custom_4a516165\"><div class=\"wpb_wrapper\"><p>Van den Elzen Plants strahlt Qualit\u00e4t aus \u2013 das ist unser Leitfaden. Dieses hohe Qualit\u00e4tsniveau ist nicht nur in unsere Betriebsprozesse integriert, sondern zeigt sich auch im Wissen unserer Mitarbeiterinnen und Mitarbeiter. Auf diese Weise ist Ihnen der optimale Start Ihres Anbaus sicher \u2013 das ist unsere Priorit\u00e4t!<\/p>\n<\/div><\/div><div class=\"w-separator size_small\"><\/div><\/div><\/div><\/div><\/div><div class=\"w-hwrapper valign_top wrap align_none\" style=\"--hwrapper-gap:4rem\">\n\t<div class=\"wpb_raw_code wpb_raw_html wpb_content_element us_custom_8d5aa4e2\" >\n\t\t<div class=\"wpb_wrapper\">\n\t\t\t<div class=\"knop\">\n<a href=\"\/de\/kwaliteit\/\">Mehr lesen<\/a>\n<\/div>\n\t\t<\/div>\n\t<\/div>\n\n\t<div class=\"wpb_raw_code wpb_raw_html wpb_content_element us_custom_8d5aa4e2\" >\n\t\t<div class=\"wpb_wrapper\">\n\t\t\t<div class=\"knop\">\n<a href=\"https:\/\/www.youtube.com\/channel\/UCTTrDs1pCRfyTQh7ov9tgLw\" target=\"blank\">Mehr Videos<\/a>\n<\/div>\n\t\t<\/div>\n\t<\/div>\n<\/div><div class=\"w-separator size_custom\" style=\"height:20vh\" id=\"ia1a\"><style>@media(max-width:1024px){ #ia1a{height:10vh!important}}@media(max-width:600px){ #ia1a{height:30px!important}}<\/style><\/div><\/div><\/div><\/div><\/div><\/div><\/section>","protected":false},"excerpt":{"rendered":"Over ons The best of 2 worlds Onze kernbelofte Van den Elzen Plants stelt alles in het werk om haar klanten van een succesvolle teelt te voorzien. Wij zijn ons elke dag bewust dat de kwaliteit van onze planten een cruciale factor is voor uw succes. Daarom investeren we in \u2018voorspelbare kwaliteit\u2019 en verbeteren we...","protected":false},"author":2,"featured_media":0,"parent":0,"menu_order":0,"comment_status":"closed","ping_status":"closed","template":"","meta":{"footnotes":""},"class_list":["post-280","page","type-page","status-publish","hentry"],"yoast_head":"<!-- This site is optimized with the Yoast SEO plugin v27.4 - https:\/\/yoast.com\/product\/yoast-seo-wordpress\/ -->\n<title>Over ons - Van Den Elzen<\/title>\n<meta name=\"robots\" content=\"index, follow, max-snippet:-1, max-image-preview:large, max-video-preview:-1\" \/>\n<link rel=\"canonical\" href=\"https:\/\/www.vandenelzenplants.com\/de\/over-ons\/\" \/>\n<meta property=\"og:locale\" content=\"de_DE\" \/>\n<meta property=\"og:type\" content=\"article\" \/>\n<meta property=\"og:title\" content=\"Over ons - Van Den Elzen\" \/>\n<meta property=\"og:url\" content=\"https:\/\/www.vandenelzenplants.com\/de\/over-ons\/\" \/>\n<meta property=\"og:site_name\" content=\"Van Den Elzen\" \/>\n<meta property=\"article:publisher\" content=\"https:\/\/nl-nl.facebook.com\/pages\/category\/Interest\/Van-den-Elzen-Plants-1284105098316678\/\" \/>\n<meta property=\"article:modified_time\" content=\"2025-08-19T06:44:23+00:00\" \/>\n<meta name=\"twitter:card\" content=\"summary_large_image\" \/>\n<meta name=\"twitter:label1\" content=\"Gesch\u00e4tzte Lesezeit\" \/>\n\t<meta name=\"twitter:data1\" content=\"5\u00a0Minuten\" \/>\n<script type=\"application\/ld+json\" class=\"yoast-schema-graph\">{\"@context\":\"https:\\\/\\\/schema.org\",\"@graph\":[{\"@type\":\"WebPage\",\"@id\":\"https:\\\/\\\/www.vandenelzenplants.com\\\/over-ons\\\/\",\"url\":\"https:\\\/\\\/www.vandenelzenplants.com\\\/over-ons\\\/\",\"name\":\"Over ons - Van Den Elzen\",\"isPartOf\":{\"@id\":\"https:\\\/\\\/www.vandenelzenplants.com\\\/#website\"},\"datePublished\":\"2021-02-17T13:58:26+00:00\",\"dateModified\":\"2025-08-19T06:44:23+00:00\",\"breadcrumb\":{\"@id\":\"https:\\\/\\\/www.vandenelzenplants.com\\\/over-ons\\\/#breadcrumb\"},\"inLanguage\":\"de\",\"potentialAction\":[{\"@type\":\"ReadAction\",\"target\":[\"https:\\\/\\\/www.vandenelzenplants.com\\\/over-ons\\\/\"]}]},{\"@type\":\"BreadcrumbList\",\"@id\":\"https:\\\/\\\/www.vandenelzenplants.com\\\/over-ons\\\/#breadcrumb\",\"itemListElement\":[{\"@type\":\"ListItem\",\"position\":1,\"name\":\"Home\",\"item\":\"https:\\\/\\\/www.vandenelzenplants.com\\\/\"},{\"@type\":\"ListItem\",\"position\":2,\"name\":\"Over ons\"}]},{\"@type\":\"WebSite\",\"@id\":\"https:\\\/\\\/www.vandenelzenplants.com\\\/#website\",\"url\":\"https:\\\/\\\/www.vandenelzenplants.com\\\/\",\"name\":\"Van Den Elzen\",\"description\":\"Experts in propagation\",\"publisher\":{\"@id\":\"https:\\\/\\\/www.vandenelzenplants.com\\\/#organization\"},\"potentialAction\":[{\"@type\":\"SearchAction\",\"target\":{\"@type\":\"EntryPoint\",\"urlTemplate\":\"https:\\\/\\\/www.vandenelzenplants.com\\\/?s={search_term_string}\"},\"query-input\":{\"@type\":\"PropertyValueSpecification\",\"valueRequired\":true,\"valueName\":\"search_term_string\"}}],\"inLanguage\":\"de\"},{\"@type\":\"Organization\",\"@id\":\"https:\\\/\\\/www.vandenelzenplants.com\\\/#organization\",\"name\":\"Van Den Elzen plants\",\"url\":\"https:\\\/\\\/www.vandenelzenplants.com\\\/\",\"logo\":{\"@type\":\"ImageObject\",\"inLanguage\":\"de\",\"@id\":\"https:\\\/\\\/www.vandenelzenplants.com\\\/#\\\/schema\\\/logo\\\/image\\\/\",\"url\":\"https:\\\/\\\/www.vandenelzenplants.com\\\/wp-content\\\/uploads\\\/2021\\\/03\\\/Logo_Van-den-Elzen_v2.png\",\"contentUrl\":\"https:\\\/\\\/www.vandenelzenplants.com\\\/wp-content\\\/uploads\\\/2021\\\/03\\\/Logo_Van-den-Elzen_v2.png\",\"width\":340,\"height\":393,\"caption\":\"Van Den Elzen plants\"},\"image\":{\"@id\":\"https:\\\/\\\/www.vandenelzenplants.com\\\/#\\\/schema\\\/logo\\\/image\\\/\"},\"sameAs\":[\"https:\\\/\\\/nl-nl.facebook.com\\\/pages\\\/category\\\/Interest\\\/Van-den-Elzen-Plants-1284105098316678\\\/\",\"https:\\\/\\\/www.instagram.com\\\/vandenelzenplants\\\/\",\"https:\\\/\\\/www.youtube.com\\\/channel\\\/UCTTrDs1pCRfyTQh7ov9tgLw\"]}]}<\/script>\n<!-- \/ Yoast SEO plugin. -->","yoast_head_json":{"title":"Over ons - Van Den Elzen","robots":{"index":"index","follow":"follow","max-snippet":"max-snippet:-1","max-image-preview":"max-image-preview:large","max-video-preview":"max-video-preview:-1"},"canonical":"https:\/\/www.vandenelzenplants.com\/de\/over-ons\/","og_locale":"de_DE","og_type":"article","og_title":"Over ons - Van Den Elzen","og_url":"https:\/\/www.vandenelzenplants.com\/de\/over-ons\/","og_site_name":"Van Den Elzen","article_publisher":"https:\/\/nl-nl.facebook.com\/pages\/category\/Interest\/Van-den-Elzen-Plants-1284105098316678\/","article_modified_time":"2025-08-19T06:44:23+00:00","twitter_card":"summary_large_image","twitter_misc":{"Gesch\u00e4tzte Lesezeit":"5\u00a0Minuten"},"schema":{"@context":"https:\/\/schema.org","@graph":[{"@type":"WebPage","@id":"https:\/\/www.vandenelzenplants.com\/over-ons\/","url":"https:\/\/www.vandenelzenplants.com\/over-ons\/","name":"Over ons - Van Den Elzen","isPartOf":{"@id":"https:\/\/www.vandenelzenplants.com\/#website"},"datePublished":"2021-02-17T13:58:26+00:00","dateModified":"2025-08-19T06:44:23+00:00","breadcrumb":{"@id":"https:\/\/www.vandenelzenplants.com\/over-ons\/#breadcrumb"},"inLanguage":"de","potentialAction":[{"@type":"ReadAction","target":["https:\/\/www.vandenelzenplants.com\/over-ons\/"]}]},{"@type":"BreadcrumbList","@id":"https:\/\/www.vandenelzenplants.com\/over-ons\/#breadcrumb","itemListElement":[{"@type":"ListItem","position":1,"name":"Home","item":"https:\/\/www.vandenelzenplants.com\/"},{"@type":"ListItem","position":2,"name":"Over ons"}]},{"@type":"WebSite","@id":"https:\/\/www.vandenelzenplants.com\/#website","url":"https:\/\/www.vandenelzenplants.com\/","name":"Van Den Elzen","description":"Experts in propagation","publisher":{"@id":"https:\/\/www.vandenelzenplants.com\/#organization"},"potentialAction":[{"@type":"SearchAction","target":{"@type":"EntryPoint","urlTemplate":"https:\/\/www.vandenelzenplants.com\/?s={search_term_string}"},"query-input":{"@type":"PropertyValueSpecification","valueRequired":true,"valueName":"search_term_string"}}],"inLanguage":"de"},{"@type":"Organization","@id":"https:\/\/www.vandenelzenplants.com\/#organization","name":"Van Den Elzen plants","url":"https:\/\/www.vandenelzenplants.com\/","logo":{"@type":"ImageObject","inLanguage":"de","@id":"https:\/\/www.vandenelzenplants.com\/#\/schema\/logo\/image\/","url":"https:\/\/www.vandenelzenplants.com\/wp-content\/uploads\/2021\/03\/Logo_Van-den-Elzen_v2.png","contentUrl":"https:\/\/www.vandenelzenplants.com\/wp-content\/uploads\/2021\/03\/Logo_Van-den-Elzen_v2.png","width":340,"height":393,"caption":"Van Den Elzen plants"},"image":{"@id":"https:\/\/www.vandenelzenplants.com\/#\/schema\/logo\/image\/"},"sameAs":["https:\/\/nl-nl.facebook.com\/pages\/category\/Interest\/Van-den-Elzen-Plants-1284105098316678\/","https:\/\/www.instagram.com\/vandenelzenplants\/","https:\/\/www.youtube.com\/channel\/UCTTrDs1pCRfyTQh7ov9tgLw"]}]}},"_links":{"self":[{"href":"https:\/\/www.vandenelzenplants.com\/de\/wp-json\/wp\/v2\/pages\/280","targetHints":{"allow":["GET"]}}],"collection":[{"href":"https:\/\/www.vandenelzenplants.com\/de\/wp-json\/wp\/v2\/pages"}],"about":[{"href":"https:\/\/www.vandenelzenplants.com\/de\/wp-json\/wp\/v2\/types\/page"}],"author":[{"embeddable":true,"href":"https:\/\/www.vandenelzenplants.com\/de\/wp-json\/wp\/v2\/users\/2"}],"replies":[{"embeddable":true,"href":"https:\/\/www.vandenelzenplants.com\/de\/wp-json\/wp\/v2\/comments?post=280"}],"version-history":[{"count":0,"href":"https:\/\/www.vandenelzenplants.com\/de\/wp-json\/wp\/v2\/pages\/280\/revisions"}],"wp:attachment":[{"href":"https:\/\/www.vandenelzenplants.com\/de\/wp-json\/wp\/v2\/media?parent=280"}],"curies":[{"name":"wp","href":"https:\/\/api.w.org\/{rel}","templated":true}]}}