{"id":3929,"date":"2022-01-31T10:04:24","date_gmt":"2022-01-31T10:04:24","guid":{"rendered":"https:\/\/elzen.questo.nl\/?page_id=3929"},"modified":"2025-07-25T15:02:31","modified_gmt":"2025-07-25T15:02:31","slug":"algemeen","status":"publish","type":"page","link":"https:\/\/www.vandenelzenplants.com\/de\/contact\/algemeen\/","title":{"rendered":"Allgemein"},"content":{"rendered":"<section class=\"l-section wpb_row height_auto\"><div class=\"l-section-h i-cf\"><div class=\"g-cols vc_row via_flex valign_middle type_default reversed stacking_default\"><div class=\"vc_col-sm-6 wpb_column vc_column_container\"><div class=\"vc_column-inner\"><div class=\"wpb_wrapper\"><div class=\"w-separator size_small\"><\/div><div class=\"wpb_text_column us_custom_6980b696\"><div class=\"wpb_wrapper\"><h1>Allgemein<\/h1>\n<\/div><\/div>\n\t<div class=\"wpb_raw_code wpb_raw_html wpb_content_element us_custom_909b2fd0\" >\n\t\t<div class=\"wpb_wrapper\">\n\t\t\t<hr class=\"line_kop\">\n\t\t<\/div>\n\t<\/div>\n<div class=\"w-separator size_small\"><\/div><\/div><\/div><\/div><div class=\"vc_col-sm-6 wpb_column vc_column_container border-radius-left-bottom has_bg_color stretched\"><div class=\"vc_column-inner us_custom_8d8bd6cc\"><div class=\"wpb_wrapper\"><\/div><\/div><\/div><\/div><\/div><\/section><section class=\"l-section wpb_row us_custom_6ac696ea height_medium\"><div class=\"l-section-h i-cf\"><div class=\"g-cols vc_row via_flex valign_top type_default stacking_default\"><div class=\"vc_col-sm-12 wpb_column vc_column_container\"><div class=\"vc_column-inner\"><div class=\"wpb_wrapper\"><div class=\"wpb_text_column us_custom_6980b696\"><div class=\"wpb_wrapper\"><h2>Kontakt<\/h2>\n<\/div><\/div>\n\t<div class=\"wpb_raw_code wpb_raw_html wpb_content_element us_custom_909b2fd0\" >\n\t\t<div class=\"wpb_wrapper\">\n\t\t\t<hr class=\"line_kop\">\n\t\t<\/div>\n\t<\/div>\n<div class=\"w-separator size_medium\"><\/div><div class=\"g-cols wpb_row via_flex valign_top type_default stacking_default\"><div class=\"vc_col-sm-4 wpb_column vc_column_container responsive-3-col-layout\"><div class=\"vc_column-inner\"><div class=\"wpb_wrapper\"><div class=\"wpb_text_column\"><div class=\"wpb_wrapper\"><p><strong>Allgemein<\/strong><\/p>\n<\/div><\/div><div class=\"w-iconbox us_custom_4076faf9 has_text_color iconpos_left style_default color_primary align_left no_title\"><div class=\"w-iconbox-icon\" style=\"font-size:16px;\"><i class=\"fas fa-phone\"><\/i><\/div><div class=\"w-iconbox-meta\"><div class=\"w-iconbox-text\"><p>+31 (0)413 216 200<\/p>\n<\/div><\/div><\/div><div class=\"w-iconbox us_custom_4076faf9 has_text_color iconpos_left style_default color_primary align_left no_title\"><div class=\"w-iconbox-icon\" style=\"font-size:16px;\"><i class=\"fas fa-envelope\"><\/i><\/div><div class=\"w-iconbox-meta\"><div class=\"w-iconbox-text\"><p>info@vandenelzenplants.com<\/p>\n<\/div><\/div><\/div><div class=\"w-separator size_custom\" style=\"height:1.5rem\"><\/div><div class=\"wpb_text_column\"><div class=\"wpb_wrapper\"><p><strong>Verkaufsunterst\u00fctzung<\/strong><\/p>\n<\/div><\/div><div class=\"w-iconbox us_custom_4076faf9 has_text_color iconpos_left style_default color_primary align_left no_title\"><div class=\"w-iconbox-icon\" style=\"font-size:16px;\"><i class=\"fas fa-phone\"><\/i><\/div><div class=\"w-iconbox-meta\"><div class=\"w-iconbox-text\"><p>+31 (0)413 216 200<\/p>\n<\/div><\/div><\/div><div class=\"w-iconbox iconpos_left style_default color_primary align_left no_title\"><div class=\"w-iconbox-icon\" style=\"font-size:16px;\"><i class=\"fas fa-envelope\"><\/i><\/div><div class=\"w-iconbox-meta\"><div class=\"w-iconbox-text\"><p><a href=\"mailto:sales@vandenelzenplants.com\">sales@vandenelzenplants.com<\/a><\/p>\n<\/div><\/div><\/div><div class=\"wpb_text_column\"><div class=\"wpb_wrapper\"><p><u><a href=\"\/de\/contact\/contactformulier\/\">Kontakt-Formular<\/a><\/u><\/p>\n<\/div><\/div><\/div><\/div><\/div><div class=\"vc_col-sm-4 wpb_column vc_column_container responsive-3-col-layout\"><div class=\"vc_column-inner\"><div class=\"wpb_wrapper\"><div class=\"wpb_text_column\"><div class=\"wpb_wrapper\"><p><strong>Human resources<\/strong><\/p>\n<\/div><\/div><div class=\"w-iconbox us_custom_4076faf9 has_text_color iconpos_left style_default color_primary align_left no_title\"><div class=\"w-iconbox-icon\" style=\"font-size:16px;\"><i class=\"fas fa-phone\"><\/i><\/div><div class=\"w-iconbox-meta\"><div class=\"w-iconbox-text\"><p>+31 (0)413 216 200<\/p>\n<\/div><\/div><\/div><div class=\"w-iconbox iconpos_left style_default color_primary align_left no_title\"><div class=\"w-iconbox-icon\" style=\"font-size:16px;\"><i class=\"fas fa-envelope\"><\/i><\/div><div class=\"w-iconbox-meta\"><div class=\"w-iconbox-text\"><p><a href=\"mailto:hrm@vandenelzenplants.com\">hrm@vandenelzenplants.com<\/a><\/p>\n<\/div><\/div><\/div><div class=\"w-separator size_custom\" style=\"height:1.5rem\"><\/div><div class=\"wpb_text_column\"><div class=\"wpb_wrapper\"><p><strong>Logistik<\/strong><\/p>\n<\/div><\/div><div class=\"w-iconbox us_custom_4076faf9 has_text_color iconpos_left style_default color_primary align_left no_title\"><div class=\"w-iconbox-icon\" style=\"font-size:16px;\"><i class=\"fas fa-phone\"><\/i><\/div><div class=\"w-iconbox-meta\"><div class=\"w-iconbox-text\"><p>+31 (0)413 216 200<\/p>\n<\/div><\/div><\/div><div class=\"w-iconbox iconpos_left style_default color_primary align_left no_title\"><div class=\"w-iconbox-icon\" style=\"font-size:16px;\"><i class=\"fas fa-envelope\"><\/i><\/div><div class=\"w-iconbox-meta\"><div class=\"w-iconbox-text\"><p><a href=\"mailto:logistiek@vandenelzenplants.com\">logistics@vandenelzenplants.com<\/a><\/p>\n<\/div><\/div><\/div><div class=\"w-separator size_custom\" style=\"height:1.5rem\"><\/div><\/div><\/div><\/div><div class=\"vc_col-sm-4 wpb_column vc_column_container responsive-3-col-layout\"><div class=\"vc_column-inner\"><div class=\"wpb_wrapper\"><div class=\"wpb_text_column\"><div class=\"wpb_wrapper\"><p><strong>Firmendetails<\/strong><\/p>\n<p><strong>Van den Elzen Plants<br \/>\nHRG-Nr:<\/strong> 86109855<br \/>\n<strong>St.-ID-Nummer:<\/strong> NL863864284B01<br \/>\n<strong>Bankverbindung:<\/strong> NL87 RABO 0197845509<br \/>\n<strong>BIC:<\/strong> RABONL2U<br \/>\n<strong>EORI:<\/strong> NL863864284<\/p>\n<\/div><\/div><div class=\"w-separator size_custom\" style=\"height:1.5rem\"><\/div><\/div><\/div><\/div><\/div><\/div><\/div><\/div><\/div><\/div><\/section><section class=\"l-section wpb_row us_custom_6ac696ea height_large\"><div class=\"l-section-overlay\" style=\"background:#f5f5f5\"><\/div><div class=\"l-section-h i-cf\"><div class=\"g-cols vc_row via_flex valign_top type_default stacking_default\"><div class=\"vc_col-sm-12 wpb_column vc_column_container\"><div class=\"vc_column-inner\"><div class=\"wpb_wrapper\"><div class=\"wpb_text_column us_custom_6980b696\"><div class=\"wpb_wrapper\"><h2>Standorte<\/h2>\n<\/div><\/div>\n\t<div class=\"wpb_raw_code wpb_raw_html wpb_content_element us_custom_909b2fd0\" >\n\t\t<div class=\"wpb_wrapper\">\n\t\t\t<hr class=\"line_kop\">\n\t\t<\/div>\n\t<\/div>\n<div class=\"w-separator size_medium\"><\/div><div class=\"wpb_text_column us_custom_a5ef9130\"><div class=\"wpb_wrapper\"><p>Sie k\u00f6nnen uns an den folgenden Standorten finden. Wenn Sie einen unserer Standorte besuchen m\u00f6chten, ist dies nur nach Vereinbarung m\u00f6glich.<\/p>\n<\/div><\/div><div class=\"w-separator size_medium\"><\/div><div class=\"g-cols wpb_row via_flex valign_top type_default stacking_default\"><div class=\"vc_col-sm-4 wpb_column vc_column_container\"><div class=\"vc_column-inner\"><div class=\"wpb_wrapper\"><div class=\"wpb_text_column\"><div class=\"wpb_wrapper\"><p><strong><span style=\"color: #82b627;\"><u>Hauptstandort Erp:<\/u><\/span><\/strong><br \/>\nVan den Elzen Plants<br \/>\nKraanmeer 24<br \/>\n5469 SN Erp<br \/>\nNiederlande<\/p>\n<\/div><\/div><\/div><\/div><\/div><div class=\"vc_col-sm-4 wpb_column vc_column_container\"><div class=\"vc_column-inner\"><div class=\"wpb_wrapper\"><div class=\"wpb_text_column\"><div class=\"wpb_wrapper\"><p><strong><span style=\"color: #82b627;\">Standort Het Broek:<\/span><\/strong><br \/>\nVan den Elzen Plants<br \/>\nHet Broek 5<br \/>\n5464 TT Mariaheide<br \/>\nNiederlande<\/p>\n<\/div><\/div><\/div><\/div><\/div><div class=\"vc_col-sm-4 wpb_column vc_column_container\"><div class=\"vc_column-inner\"><div class=\"wpb_wrapper\"><div class=\"wpb_text_column\"><div class=\"wpb_wrapper\"><p><strong><span style=\"color: #82b627;\">Standort Bolst:<\/span><\/strong><br \/>\nVan den Elzen Plants<br \/>\nBolst 1a<br \/>\n5469 SC Erp<br \/>\nNiederlande<\/p>\n<\/div><\/div><\/div><\/div><\/div><\/div><div class=\"w-separator size_medium\"><\/div><div class=\"g-cols wpb_row via_flex valign_top type_default stacking_default\"><div class=\"vc_col-sm-4 wpb_column vc_column_container\"><div class=\"vc_column-inner\"><div class=\"wpb_wrapper\"><div class=\"wpb_text_column\"><div class=\"wpb_wrapper\"><p><strong><span style=\"color: #82b627;\">Standort Zonneveld 10 (Grubben):<\/span><\/strong><br \/>\nVan den Elzen Plants<br \/>\nZonneveld 10<br \/>\n5993 SG Maasbree<br \/>\nNiederlande<\/p>\n<\/div><\/div><\/div><\/div><\/div><div class=\"vc_col-sm-4 wpb_column vc_column_container\"><div class=\"vc_column-inner\"><div class=\"wpb_wrapper\"><div class=\"wpb_text_column\"><div class=\"wpb_wrapper\"><p><strong><span style=\"color: #82b627;\">Standort Zonneveld 12:<\/span><\/strong><br \/>\nVan den Elzen Plants<br \/>\nZonneveld 12<br \/>\n5993 SG Maasbree<br \/>\nNiederlande<\/p>\n<\/div><\/div><\/div><\/div><\/div><div class=\"vc_col-sm-4 wpb_column vc_column_container\"><div class=\"vc_column-inner\"><div class=\"wpb_wrapper\"><div class=\"wpb_text_column\"><div class=\"wpb_wrapper\"><p><strong><span style=\"color: #82b627;\">Standort Vlasrooth:<\/span><\/strong><br \/>\nVan den Elzen Plants<br \/>\nVlasrooth 9C<br \/>\n5993 PW Maasbree<br \/>\nNiederlande<\/p>\n<\/div><\/div><\/div><\/div><\/div><\/div><div class=\"w-separator size_medium\"><\/div><div class=\"g-cols wpb_row via_flex valign_top type_default stacking_default\"><div class=\"vc_col-sm-4 wpb_column vc_column_container\"><div class=\"vc_column-inner\"><div class=\"wpb_wrapper\"><div class=\"wpb_text_column\"><div class=\"wpb_wrapper\"><p><strong><span style=\"color: #82b627;\">Standort Tongerlosepad:<\/span><\/strong><br \/>\nVan den Elzen Plants<br \/>\nTongerlosepad 8<br \/>\n5993 NT Maasbree<br \/>\nNiederlande<\/p>\n<\/div><\/div><\/div><\/div><\/div><div class=\"vc_col-sm-4 wpb_column vc_column_container\"><div class=\"vc_column-inner\"><div class=\"wpb_wrapper\"><div class=\"wpb_text_column\"><div class=\"wpb_wrapper\"><p><strong><span style=\"color: #82b627;\">Standort Valkerheideweg:<\/span><\/strong><br \/>\nVan den Elzen Plants<br \/>\nValkerheideweg 2<br \/>\n5993 NP Maasbree<br \/>\nNiederlande<\/p>\n<\/div><\/div><\/div><\/div><\/div><div class=\"vc_col-sm-4 wpb_column vc_column_container\"><div class=\"vc_column-inner\"><div class=\"wpb_wrapper\"><div class=\"wpb_text_column\"><div class=\"wpb_wrapper\"><p><strong><span style=\"color: #82b627;\">Standort Tangbroek 6<\/span><\/strong><br \/>\nVan den Elzen Plants<br \/>\nTangbroek 6<br \/>\n5991 RC Baarlo<br \/>\nNiederlande<\/p>\n<\/div><\/div><\/div><\/div><\/div><\/div><div class=\"w-separator size_medium\"><\/div><div class=\"g-cols wpb_row via_flex valign_top type_default stacking_default\"><div class=\"vc_col-sm-4 wpb_column vc_column_container\"><div class=\"vc_column-inner\"><div class=\"wpb_wrapper\"><div class=\"wpb_text_column\"><div class=\"wpb_wrapper\"><p><strong><span style=\"color: #82b627;\">Standort Duifhuizerweg:<\/span><\/strong><br \/>\nVan den Elzen Plants<br \/>\nDuifhuizerweg 10<br \/>\n5406 TB Uden<br \/>\nNiederlande<\/p>\n<\/div><\/div><\/div><\/div><\/div><div class=\"vc_col-sm-4 wpb_column vc_column_container\"><div class=\"vc_column-inner\"><div class=\"wpb_wrapper\"><div class=\"wpb_text_column\"><div class=\"wpb_wrapper\"><p><strong><span style=\"color: #82b627;\">Standort Middegaal:<\/span><\/strong><br \/>\nVan den Elzen Plants<br \/>\nMiddegaal 51<br \/>\n5461 XC Veghel<br \/>\nNiederlande<\/p>\n<\/div><\/div><\/div><\/div><\/div><div class=\"vc_col-sm-4 wpb_column vc_column_container\"><div class=\"vc_column-inner\"><div class=\"wpb_wrapper\"><div class=\"wpb_text_column\"><div class=\"wpb_wrapper\"><p><strong><span style=\"color: #82b627;\">Standort Hogerduinenweg:<\/span><\/strong><br \/>\nVan den Elzen Plants<br \/>\nHogerduinenweg 3<br \/>\n5464 TH Mariaheide<br \/>\nNiederlande<\/p>\n<\/div><\/div><\/div><\/div><\/div><\/div><div class=\"w-separator size_medium\"><\/div><div class=\"g-cols wpb_row via_flex valign_top type_default stacking_default\"><div class=\"vc_col-sm-4 wpb_column vc_column_container\"><div class=\"vc_column-inner\"><div class=\"wpb_wrapper\"><div class=\"wpb_text_column\"><div class=\"wpb_wrapper\"><p><strong><span style=\"color: #82b627;\">Standort Elshout:<\/span><\/strong><br \/>\nVan den Elzen Plants<br \/>\nNaulandseweg 33<br \/>\n5154 PB Elshout<br \/>\nNiederlande<\/p>\n<\/div><\/div><\/div><\/div><\/div><\/div><\/div><\/div><\/div><\/div><\/div><\/section><section class=\"l-section wpb_row height_auto\"><div class=\"l-section-h i-cf\"><div class=\"g-cols vc_row via_flex valign_top type_default stacking_default\"><div class=\"vc_col-sm-12 wpb_column vc_column_container\"><div class=\"vc_column-inner\"><div class=\"wpb_wrapper\"><div class=\"w-separator size_medium\"><\/div><\/div><\/div><\/div><\/div><\/div><\/section>","protected":false},"excerpt":{"rendered":"Algemeen Contact Algemeen +31 (0)413 216 200 info@vandenelzenplants.com Verkoop binnendienst +31 (0)413 216 200 sales@vandenelzenplants.com Contactformulier Personeelszaken +31 (0)413 216 200 hrm@vandenelzenplants.com Logistiek +31 (0)413 216 200 logistics@vandenelzenplants.com Bedrijfsgegevens Van den Elzen Plants KvK: 86109855 BTW: NL863864284B01 Bank: NL87 RABO 0197845509 BIC: RABONL2U EORI: NL863864284 Locaties U kunt ons tegenkomen op onderstaande locaties. Wilt u...","protected":false},"author":1,"featured_media":0,"parent":284,"menu_order":0,"comment_status":"closed","ping_status":"closed","template":"","meta":{"footnotes":""},"class_list":["post-3929","page","type-page","status-publish","hentry"],"yoast_head":"<!-- This site is optimized with the Yoast SEO plugin v27.4 - https:\/\/yoast.com\/product\/yoast-seo-wordpress\/ -->\n<title>Algemeen - Van Den Elzen<\/title>\n<meta name=\"robots\" content=\"index, follow, max-snippet:-1, max-image-preview:large, max-video-preview:-1\" \/>\n<link rel=\"canonical\" href=\"https:\/\/www.vandenelzenplants.com\/de\/contact\/algemeen\/\" \/>\n<meta property=\"og:locale\" content=\"de_DE\" \/>\n<meta property=\"og:type\" content=\"article\" \/>\n<meta property=\"og:title\" content=\"Algemeen - Van Den Elzen\" \/>\n<meta property=\"og:url\" content=\"https:\/\/www.vandenelzenplants.com\/de\/contact\/algemeen\/\" \/>\n<meta property=\"og:site_name\" content=\"Van Den Elzen\" \/>\n<meta property=\"article:publisher\" content=\"https:\/\/nl-nl.facebook.com\/pages\/category\/Interest\/Van-den-Elzen-Plants-1284105098316678\/\" \/>\n<meta property=\"article:modified_time\" content=\"2025-07-25T15:02:31+00:00\" \/>\n<meta name=\"twitter:card\" content=\"summary_large_image\" \/>\n<meta name=\"twitter:label1\" content=\"Gesch\u00e4tzte Lesezeit\" \/>\n\t<meta name=\"twitter:data1\" content=\"2\u00a0Minuten\" \/>\n<script type=\"application\/ld+json\" class=\"yoast-schema-graph\">{\"@context\":\"https:\\\/\\\/schema.org\",\"@graph\":[{\"@type\":\"WebPage\",\"@id\":\"https:\\\/\\\/www.vandenelzenplants.com\\\/contact\\\/algemeen\\\/\",\"url\":\"https:\\\/\\\/www.vandenelzenplants.com\\\/contact\\\/algemeen\\\/\",\"name\":\"Algemeen - Van Den Elzen\",\"isPartOf\":{\"@id\":\"https:\\\/\\\/www.vandenelzenplants.com\\\/#website\"},\"datePublished\":\"2022-01-31T10:04:24+00:00\",\"dateModified\":\"2025-07-25T15:02:31+00:00\",\"breadcrumb\":{\"@id\":\"https:\\\/\\\/www.vandenelzenplants.com\\\/contact\\\/algemeen\\\/#breadcrumb\"},\"inLanguage\":\"de\",\"potentialAction\":[{\"@type\":\"ReadAction\",\"target\":[\"https:\\\/\\\/www.vandenelzenplants.com\\\/contact\\\/algemeen\\\/\"]}]},{\"@type\":\"BreadcrumbList\",\"@id\":\"https:\\\/\\\/www.vandenelzenplants.com\\\/contact\\\/algemeen\\\/#breadcrumb\",\"itemListElement\":[{\"@type\":\"ListItem\",\"position\":1,\"name\":\"Home\",\"item\":\"https:\\\/\\\/www.vandenelzenplants.com\\\/\"},{\"@type\":\"ListItem\",\"position\":2,\"name\":\"Contact\",\"item\":\"https:\\\/\\\/www.vandenelzenplants.com\\\/contact\\\/\"},{\"@type\":\"ListItem\",\"position\":3,\"name\":\"Algemeen\"}]},{\"@type\":\"WebSite\",\"@id\":\"https:\\\/\\\/www.vandenelzenplants.com\\\/#website\",\"url\":\"https:\\\/\\\/www.vandenelzenplants.com\\\/\",\"name\":\"Van Den Elzen\",\"description\":\"Experts in propagation\",\"publisher\":{\"@id\":\"https:\\\/\\\/www.vandenelzenplants.com\\\/#organization\"},\"potentialAction\":[{\"@type\":\"SearchAction\",\"target\":{\"@type\":\"EntryPoint\",\"urlTemplate\":\"https:\\\/\\\/www.vandenelzenplants.com\\\/?s={search_term_string}\"},\"query-input\":{\"@type\":\"PropertyValueSpecification\",\"valueRequired\":true,\"valueName\":\"search_term_string\"}}],\"inLanguage\":\"de\"},{\"@type\":\"Organization\",\"@id\":\"https:\\\/\\\/www.vandenelzenplants.com\\\/#organization\",\"name\":\"Van Den Elzen plants\",\"url\":\"https:\\\/\\\/www.vandenelzenplants.com\\\/\",\"logo\":{\"@type\":\"ImageObject\",\"inLanguage\":\"de\",\"@id\":\"https:\\\/\\\/www.vandenelzenplants.com\\\/#\\\/schema\\\/logo\\\/image\\\/\",\"url\":\"https:\\\/\\\/www.vandenelzenplants.com\\\/wp-content\\\/uploads\\\/2021\\\/03\\\/Logo_Van-den-Elzen_v2.png\",\"contentUrl\":\"https:\\\/\\\/www.vandenelzenplants.com\\\/wp-content\\\/uploads\\\/2021\\\/03\\\/Logo_Van-den-Elzen_v2.png\",\"width\":340,\"height\":393,\"caption\":\"Van Den Elzen plants\"},\"image\":{\"@id\":\"https:\\\/\\\/www.vandenelzenplants.com\\\/#\\\/schema\\\/logo\\\/image\\\/\"},\"sameAs\":[\"https:\\\/\\\/nl-nl.facebook.com\\\/pages\\\/category\\\/Interest\\\/Van-den-Elzen-Plants-1284105098316678\\\/\",\"https:\\\/\\\/www.instagram.com\\\/vandenelzenplants\\\/\",\"https:\\\/\\\/www.youtube.com\\\/channel\\\/UCTTrDs1pCRfyTQh7ov9tgLw\"]}]}<\/script>\n<!-- \/ Yoast SEO plugin. -->","yoast_head_json":{"title":"Algemeen - Van Den Elzen","robots":{"index":"index","follow":"follow","max-snippet":"max-snippet:-1","max-image-preview":"max-image-preview:large","max-video-preview":"max-video-preview:-1"},"canonical":"https:\/\/www.vandenelzenplants.com\/de\/contact\/algemeen\/","og_locale":"de_DE","og_type":"article","og_title":"Algemeen - Van Den Elzen","og_url":"https:\/\/www.vandenelzenplants.com\/de\/contact\/algemeen\/","og_site_name":"Van Den Elzen","article_publisher":"https:\/\/nl-nl.facebook.com\/pages\/category\/Interest\/Van-den-Elzen-Plants-1284105098316678\/","article_modified_time":"2025-07-25T15:02:31+00:00","twitter_card":"summary_large_image","twitter_misc":{"Gesch\u00e4tzte Lesezeit":"2\u00a0Minuten"},"schema":{"@context":"https:\/\/schema.org","@graph":[{"@type":"WebPage","@id":"https:\/\/www.vandenelzenplants.com\/contact\/algemeen\/","url":"https:\/\/www.vandenelzenplants.com\/contact\/algemeen\/","name":"Algemeen - Van Den Elzen","isPartOf":{"@id":"https:\/\/www.vandenelzenplants.com\/#website"},"datePublished":"2022-01-31T10:04:24+00:00","dateModified":"2025-07-25T15:02:31+00:00","breadcrumb":{"@id":"https:\/\/www.vandenelzenplants.com\/contact\/algemeen\/#breadcrumb"},"inLanguage":"de","potentialAction":[{"@type":"ReadAction","target":["https:\/\/www.vandenelzenplants.com\/contact\/algemeen\/"]}]},{"@type":"BreadcrumbList","@id":"https:\/\/www.vandenelzenplants.com\/contact\/algemeen\/#breadcrumb","itemListElement":[{"@type":"ListItem","position":1,"name":"Home","item":"https:\/\/www.vandenelzenplants.com\/"},{"@type":"ListItem","position":2,"name":"Contact","item":"https:\/\/www.vandenelzenplants.com\/contact\/"},{"@type":"ListItem","position":3,"name":"Algemeen"}]},{"@type":"WebSite","@id":"https:\/\/www.vandenelzenplants.com\/#website","url":"https:\/\/www.vandenelzenplants.com\/","name":"Van Den Elzen","description":"Experts in propagation","publisher":{"@id":"https:\/\/www.vandenelzenplants.com\/#organization"},"potentialAction":[{"@type":"SearchAction","target":{"@type":"EntryPoint","urlTemplate":"https:\/\/www.vandenelzenplants.com\/?s={search_term_string}"},"query-input":{"@type":"PropertyValueSpecification","valueRequired":true,"valueName":"search_term_string"}}],"inLanguage":"de"},{"@type":"Organization","@id":"https:\/\/www.vandenelzenplants.com\/#organization","name":"Van Den Elzen plants","url":"https:\/\/www.vandenelzenplants.com\/","logo":{"@type":"ImageObject","inLanguage":"de","@id":"https:\/\/www.vandenelzenplants.com\/#\/schema\/logo\/image\/","url":"https:\/\/www.vandenelzenplants.com\/wp-content\/uploads\/2021\/03\/Logo_Van-den-Elzen_v2.png","contentUrl":"https:\/\/www.vandenelzenplants.com\/wp-content\/uploads\/2021\/03\/Logo_Van-den-Elzen_v2.png","width":340,"height":393,"caption":"Van Den Elzen plants"},"image":{"@id":"https:\/\/www.vandenelzenplants.com\/#\/schema\/logo\/image\/"},"sameAs":["https:\/\/nl-nl.facebook.com\/pages\/category\/Interest\/Van-den-Elzen-Plants-1284105098316678\/","https:\/\/www.instagram.com\/vandenelzenplants\/","https:\/\/www.youtube.com\/channel\/UCTTrDs1pCRfyTQh7ov9tgLw"]}]}},"_links":{"self":[{"href":"https:\/\/www.vandenelzenplants.com\/de\/wp-json\/wp\/v2\/pages\/3929","targetHints":{"allow":["GET"]}}],"collection":[{"href":"https:\/\/www.vandenelzenplants.com\/de\/wp-json\/wp\/v2\/pages"}],"about":[{"href":"https:\/\/www.vandenelzenplants.com\/de\/wp-json\/wp\/v2\/types\/page"}],"author":[{"embeddable":true,"href":"https:\/\/www.vandenelzenplants.com\/de\/wp-json\/wp\/v2\/users\/1"}],"replies":[{"embeddable":true,"href":"https:\/\/www.vandenelzenplants.com\/de\/wp-json\/wp\/v2\/comments?post=3929"}],"version-history":[{"count":0,"href":"https:\/\/www.vandenelzenplants.com\/de\/wp-json\/wp\/v2\/pages\/3929\/revisions"}],"up":[{"embeddable":true,"href":"https:\/\/www.vandenelzenplants.com\/de\/wp-json\/wp\/v2\/pages\/284"}],"wp:attachment":[{"href":"https:\/\/www.vandenelzenplants.com\/de\/wp-json\/wp\/v2\/media?parent=3929"}],"curies":[{"name":"wp","href":"https:\/\/api.w.org\/{rel}","templated":true}]}}