{"id":4086,"date":"2022-02-01T10:38:56","date_gmt":"2022-02-01T10:38:56","guid":{"rendered":"https:\/\/elzen.questo.nl\/?page_id=4086"},"modified":"2025-10-26T17:10:54","modified_gmt":"2025-10-26T17:10:54","slug":"plugplanten","status":"publish","type":"page","link":"https:\/\/www.vandenelzenplants.com\/de\/producten\/frambozenplanten\/plugplanten\/","title":{"rendered":"Plugplanten frambozen"},"content":{"rendered":"<section class=\"l-section wpb_row us_custom_34cd2076 border-bottom-product height_medium\"><div class=\"l-section-h i-cf\"><div class=\"g-cols vc_row via_flex valign_top type_default stacking_default\"><div class=\"vc_col-sm-12 wpb_column vc_column_container\"><div class=\"vc_column-inner\"><div class=\"wpb_wrapper\"><div class=\"w-separator size_huge\"><\/div><div class=\"wpb_text_column us_custom_a0a2731b h1-product-mobile has_text_color\"><div class=\"wpb_wrapper\"><h1>T\u00f6pfgr\u00fcnpflanzen<\/h1>\n<\/div><\/div>\n\t<div class=\"wpb_raw_code wpb_raw_html wpb_content_element us_custom_61c33ed3\" >\n\t\t<div class=\"wpb_wrapper\">\n\t\t\t<hr class=\"line_kop\">\n\t\t<\/div>\n\t<\/div>\n<\/div><\/div><\/div><\/div><\/div><\/section><section class=\"l-section wpb_row height_medium\"><div class=\"l-section-h i-cf\"><div class=\"g-cols vc_row via_flex valign_top type_default stacking_default\"><div class=\"vc_col-sm-12 wpb_column vc_column_container\"><div class=\"vc_column-inner\"><div class=\"wpb_wrapper\"><div class=\"w-separator size_small\"><\/div><\/div><\/div><\/div><div class=\"vc_col-sm-6 wpb_column vc_column_container\"><div class=\"vc_column-inner\"><div class=\"wpb_wrapper\"><div class=\"w-btn-wrapper align_none\"><a class=\"w-btn us-btn-style_5 icon_atleft\" title=\"Erdbeerpflanzen\" href=\"\/de\/producten\/himbeerpflanzen\/\"><i class=\"fas fa-angle-left\"><\/i><span class=\"w-btn-label\">Zur\u00fcck zur \u00dcbersicht<\/span><\/a><\/div><div class=\"w-separator size_small\"><\/div><div class=\"wpb_text_column\"><div class=\"wpb_wrapper\"><p>T\u00f6pfgr\u00fcnpflanzen werden aus einem Himbeersteckling gezogen. Dieser Stecklinge ist aus hochwertigem, selbst gepr\u00fcftem und getestetem Muttermaterial hergestellt. Die Stecklinge werden von Mitte M\u00e4rz bis Mitte Juni auf dem Mutterbeet geschnitten. Die Stecklinge werden von Hand auf eine L\u00e4nge von 4-5 cm geschnitten und sofort frisch auf einem Tray im warmen Gew\u00e4chshaus vermehrt. Die Pflanzen werden ein- oder zweimal sortiert, um ein einheitliches Endprodukt zu erhalten. Je nach Jahreszeit w\u00e4chst die Pflanze in 4-6 Wochen zu einer bewurzelten, einheitlichen Himbeerpflanze heran. Diese Himbeerpflanze wird im Tray in einer Kiste geliefert.<\/p>\n<\/div><\/div><\/div><\/div><\/div><div class=\"vc_col-sm-6 wpb_column vc_column_container\"><div class=\"vc_column-inner\"><div class=\"wpb_wrapper\"><div class=\"w-text\"><span class=\"w-text-h\"><span class=\"w-text-value\">Die folgenden Sorten sind als T\u00f6pfgr\u00fcnpflanzen erh\u00e4ltlich:<\/span><\/span><\/div><div class=\"w-separator size_small\"><\/div><div class=\"w-btn-wrapper align_none\"><a class=\"w-btn us-btn-style_1\" href=\"https:\/\/www.vandenelzenplants.com\/de\/planten\/dafne\/\"><span class=\"w-btn-label\">Dafne<\/span><\/a><\/div><div class=\"w-btn-wrapper align_none\"><a class=\"w-btn us-btn-style_1\" target=\"_blank\" href=\"https:\/\/www.vandenelzenplants.com\/de\/planten\/glen-ample\/\"><span class=\"w-btn-label\">Glen Ample<\/span><\/a><\/div><div class=\"w-btn-wrapper align_none\"><a class=\"w-btn us-btn-style_1\" target=\"_blank\" href=\"https:\/\/www.vandenelzenplants.com\/de\/planten\/kwanza\/\"><span class=\"w-btn-label\">Kwanza<\/span><\/a><\/div><div class=\"w-btn-wrapper align_none\"><a class=\"w-btn us-btn-style_1\" target=\"_blank\" href=\"https:\/\/www.vandenelzenplants.com\/de\/planten\/lagorai-plus\/\"><span class=\"w-btn-label\">Lagorai Plus<\/span><\/a><\/div><div class=\"w-btn-wrapper align_none\"><a class=\"w-btn us-btn-style_1\" target=\"_blank\" href=\"https:\/\/www.vandenelzenplants.com\/de\/planten\/majestic\/\"><span class=\"w-btn-label\">Majestic<\/span><\/a><\/div><div class=\"w-btn-wrapper align_none\"><a class=\"w-btn us-btn-style_1\" target=\"_blank\" href=\"https:\/\/www.vandenelzenplants.com\/de\/planten\/malaika\/\"><span class=\"w-btn-label\">Malaika<\/span><\/a><\/div><div class=\"w-btn-wrapper align_none\"><a class=\"w-btn us-btn-style_1\" target=\"_blank\" href=\"https:\/\/www.vandenelzenplants.com\/de\/planten\/malling-bella\/\"><span class=\"w-btn-label\">Malling Bella<\/span><\/a><\/div><div class=\"w-btn-wrapper align_none\"><a class=\"w-btn us-btn-style_1\" target=\"_blank\" href=\"https:\/\/www.vandenelzenplants.com\/de\/planten\/nobility\/\"><span class=\"w-btn-label\">Nobility<\/span><\/a><\/div><div class=\"w-btn-wrapper align_none\"><a class=\"w-btn us-btn-style_1\" target=\"_blank\" href=\"https:\/\/www.vandenelzenplants.com\/de\/producten\/himbeerpflanzen\/\"><span class=\"w-btn-label\">Ofelia SO<\/span><\/a><\/div><div class=\"w-btn-wrapper align_none\"><a class=\"w-btn us-btn-style_1\" target=\"_blank\" href=\"https:\/\/www.vandenelzenplants.com\/de\/planten\/optima\/\"><span class=\"w-btn-label\">Optima<\/span><\/a><\/div><div class=\"w-btn-wrapper align_none\"><a class=\"w-btn us-btn-style_1\" target=\"_blank\" href=\"https:\/\/www.vandenelzenplants.com\/de\/planten\/tulameen\/\"><span class=\"w-btn-label\">Tulameen<\/span><\/a><\/div><div class=\"w-btn-wrapper align_none\"><a class=\"w-btn us-btn-style_1\" target=\"_blank\" href=\"https:\/\/www.vandenelzenplants.com\/de\/planten\/vajolet\/\"><span class=\"w-btn-label\">Vajolet<\/span><\/a><\/div><div class=\"w-btn-wrapper align_none\"><a class=\"w-btn us-btn-style_1\" target=\"_blank\" href=\"https:\/\/www.vandenelzenplants.com\/de\/planten\/zawadi\/\"><span class=\"w-btn-label\">Zawadi<\/span><\/a><\/div><\/div><\/div><\/div><\/div><\/div><\/section>","protected":false},"excerpt":{"rendered":"Plugplanten Terug naar overzichtPlugplanten worden opgetrokken uit een frambozenstek. Deze stek wordt gesneden van hoogwaardig eigen gecontroleerd en getest moedermateriaal. De stekken worden vanaf medio maart tot medio juni gesneden op het moederbed waarin de moederblokken liggen. De stekken worden handmatig gesneden op een lengte van 4-5 cm en direct vers op een paperplug gestekt...","protected":false},"author":1,"featured_media":0,"parent":3582,"menu_order":0,"comment_status":"closed","ping_status":"closed","template":"","meta":{"footnotes":""},"class_list":["post-4086","page","type-page","status-publish","hentry"],"yoast_head":"<!-- This site is optimized with the Yoast SEO plugin v27.4 - https:\/\/yoast.com\/product\/yoast-seo-wordpress\/ -->\n<title>Plugplanten frambozen - Van Den Elzen<\/title>\n<meta name=\"robots\" content=\"index, follow, max-snippet:-1, max-image-preview:large, max-video-preview:-1\" \/>\n<link rel=\"canonical\" href=\"https:\/\/www.vandenelzenplants.com\/de\/producten\/himbeerpflanzen\/plugplanten\/\" \/>\n<meta property=\"og:locale\" content=\"de_DE\" \/>\n<meta property=\"og:type\" content=\"article\" \/>\n<meta property=\"og:title\" content=\"Plugplanten frambozen - Van Den Elzen\" \/>\n<meta property=\"og:url\" content=\"https:\/\/www.vandenelzenplants.com\/de\/producten\/himbeerpflanzen\/plugplanten\/\" \/>\n<meta property=\"og:site_name\" content=\"Van Den Elzen\" \/>\n<meta property=\"article:publisher\" content=\"https:\/\/nl-nl.facebook.com\/pages\/category\/Interest\/Van-den-Elzen-Plants-1284105098316678\/\" \/>\n<meta property=\"article:modified_time\" content=\"2025-10-26T17:10:54+00:00\" \/>\n<meta name=\"twitter:card\" content=\"summary_large_image\" \/>\n<meta name=\"twitter:label1\" content=\"Gesch\u00e4tzte Lesezeit\" \/>\n\t<meta name=\"twitter:data1\" content=\"1\u00a0Minute\" \/>\n<script type=\"application\/ld+json\" class=\"yoast-schema-graph\">{\"@context\":\"https:\\\/\\\/schema.org\",\"@graph\":[{\"@type\":\"WebPage\",\"@id\":\"https:\\\/\\\/www.vandenelzenplants.com\\\/producten\\\/frambozenplanten\\\/plugplanten\\\/\",\"url\":\"https:\\\/\\\/www.vandenelzenplants.com\\\/producten\\\/frambozenplanten\\\/plugplanten\\\/\",\"name\":\"Plugplanten frambozen - Van Den Elzen\",\"isPartOf\":{\"@id\":\"https:\\\/\\\/www.vandenelzenplants.com\\\/#website\"},\"datePublished\":\"2022-02-01T10:38:56+00:00\",\"dateModified\":\"2025-10-26T17:10:54+00:00\",\"breadcrumb\":{\"@id\":\"https:\\\/\\\/www.vandenelzenplants.com\\\/producten\\\/frambozenplanten\\\/plugplanten\\\/#breadcrumb\"},\"inLanguage\":\"de\",\"potentialAction\":[{\"@type\":\"ReadAction\",\"target\":[\"https:\\\/\\\/www.vandenelzenplants.com\\\/producten\\\/frambozenplanten\\\/plugplanten\\\/\"]}]},{\"@type\":\"BreadcrumbList\",\"@id\":\"https:\\\/\\\/www.vandenelzenplants.com\\\/producten\\\/frambozenplanten\\\/plugplanten\\\/#breadcrumb\",\"itemListElement\":[{\"@type\":\"ListItem\",\"position\":1,\"name\":\"Home\",\"item\":\"https:\\\/\\\/www.vandenelzenplants.com\\\/\"},{\"@type\":\"ListItem\",\"position\":2,\"name\":\"Producten\",\"item\":\"https:\\\/\\\/www.vandenelzenplants.com\\\/producten\\\/\"},{\"@type\":\"ListItem\",\"position\":3,\"name\":\"Frambozenplanten\",\"item\":\"https:\\\/\\\/www.vandenelzenplants.com\\\/producten\\\/frambozenplanten\\\/\"},{\"@type\":\"ListItem\",\"position\":4,\"name\":\"Plugplanten frambozen\"}]},{\"@type\":\"WebSite\",\"@id\":\"https:\\\/\\\/www.vandenelzenplants.com\\\/#website\",\"url\":\"https:\\\/\\\/www.vandenelzenplants.com\\\/\",\"name\":\"Van Den Elzen\",\"description\":\"Experts in propagation\",\"publisher\":{\"@id\":\"https:\\\/\\\/www.vandenelzenplants.com\\\/#organization\"},\"potentialAction\":[{\"@type\":\"SearchAction\",\"target\":{\"@type\":\"EntryPoint\",\"urlTemplate\":\"https:\\\/\\\/www.vandenelzenplants.com\\\/?s={search_term_string}\"},\"query-input\":{\"@type\":\"PropertyValueSpecification\",\"valueRequired\":true,\"valueName\":\"search_term_string\"}}],\"inLanguage\":\"de\"},{\"@type\":\"Organization\",\"@id\":\"https:\\\/\\\/www.vandenelzenplants.com\\\/#organization\",\"name\":\"Van Den Elzen plants\",\"url\":\"https:\\\/\\\/www.vandenelzenplants.com\\\/\",\"logo\":{\"@type\":\"ImageObject\",\"inLanguage\":\"de\",\"@id\":\"https:\\\/\\\/www.vandenelzenplants.com\\\/#\\\/schema\\\/logo\\\/image\\\/\",\"url\":\"https:\\\/\\\/www.vandenelzenplants.com\\\/wp-content\\\/uploads\\\/2021\\\/03\\\/Logo_Van-den-Elzen_v2.png\",\"contentUrl\":\"https:\\\/\\\/www.vandenelzenplants.com\\\/wp-content\\\/uploads\\\/2021\\\/03\\\/Logo_Van-den-Elzen_v2.png\",\"width\":340,\"height\":393,\"caption\":\"Van Den Elzen plants\"},\"image\":{\"@id\":\"https:\\\/\\\/www.vandenelzenplants.com\\\/#\\\/schema\\\/logo\\\/image\\\/\"},\"sameAs\":[\"https:\\\/\\\/nl-nl.facebook.com\\\/pages\\\/category\\\/Interest\\\/Van-den-Elzen-Plants-1284105098316678\\\/\",\"https:\\\/\\\/www.instagram.com\\\/vandenelzenplants\\\/\",\"https:\\\/\\\/www.youtube.com\\\/channel\\\/UCTTrDs1pCRfyTQh7ov9tgLw\"]}]}<\/script>\n<!-- \/ Yoast SEO plugin. -->","yoast_head_json":{"title":"Plugplanten frambozen - Van Den Elzen","robots":{"index":"index","follow":"follow","max-snippet":"max-snippet:-1","max-image-preview":"max-image-preview:large","max-video-preview":"max-video-preview:-1"},"canonical":"https:\/\/www.vandenelzenplants.com\/de\/producten\/himbeerpflanzen\/plugplanten\/","og_locale":"de_DE","og_type":"article","og_title":"Plugplanten frambozen - Van Den Elzen","og_url":"https:\/\/www.vandenelzenplants.com\/de\/producten\/himbeerpflanzen\/plugplanten\/","og_site_name":"Van Den Elzen","article_publisher":"https:\/\/nl-nl.facebook.com\/pages\/category\/Interest\/Van-den-Elzen-Plants-1284105098316678\/","article_modified_time":"2025-10-26T17:10:54+00:00","twitter_card":"summary_large_image","twitter_misc":{"Gesch\u00e4tzte Lesezeit":"1\u00a0Minute"},"schema":{"@context":"https:\/\/schema.org","@graph":[{"@type":"WebPage","@id":"https:\/\/www.vandenelzenplants.com\/producten\/frambozenplanten\/plugplanten\/","url":"https:\/\/www.vandenelzenplants.com\/producten\/frambozenplanten\/plugplanten\/","name":"Plugplanten frambozen - Van Den Elzen","isPartOf":{"@id":"https:\/\/www.vandenelzenplants.com\/#website"},"datePublished":"2022-02-01T10:38:56+00:00","dateModified":"2025-10-26T17:10:54+00:00","breadcrumb":{"@id":"https:\/\/www.vandenelzenplants.com\/producten\/frambozenplanten\/plugplanten\/#breadcrumb"},"inLanguage":"de","potentialAction":[{"@type":"ReadAction","target":["https:\/\/www.vandenelzenplants.com\/producten\/frambozenplanten\/plugplanten\/"]}]},{"@type":"BreadcrumbList","@id":"https:\/\/www.vandenelzenplants.com\/producten\/frambozenplanten\/plugplanten\/#breadcrumb","itemListElement":[{"@type":"ListItem","position":1,"name":"Home","item":"https:\/\/www.vandenelzenplants.com\/"},{"@type":"ListItem","position":2,"name":"Producten","item":"https:\/\/www.vandenelzenplants.com\/producten\/"},{"@type":"ListItem","position":3,"name":"Frambozenplanten","item":"https:\/\/www.vandenelzenplants.com\/producten\/frambozenplanten\/"},{"@type":"ListItem","position":4,"name":"Plugplanten frambozen"}]},{"@type":"WebSite","@id":"https:\/\/www.vandenelzenplants.com\/#website","url":"https:\/\/www.vandenelzenplants.com\/","name":"Van Den Elzen","description":"Experts in propagation","publisher":{"@id":"https:\/\/www.vandenelzenplants.com\/#organization"},"potentialAction":[{"@type":"SearchAction","target":{"@type":"EntryPoint","urlTemplate":"https:\/\/www.vandenelzenplants.com\/?s={search_term_string}"},"query-input":{"@type":"PropertyValueSpecification","valueRequired":true,"valueName":"search_term_string"}}],"inLanguage":"de"},{"@type":"Organization","@id":"https:\/\/www.vandenelzenplants.com\/#organization","name":"Van Den Elzen plants","url":"https:\/\/www.vandenelzenplants.com\/","logo":{"@type":"ImageObject","inLanguage":"de","@id":"https:\/\/www.vandenelzenplants.com\/#\/schema\/logo\/image\/","url":"https:\/\/www.vandenelzenplants.com\/wp-content\/uploads\/2021\/03\/Logo_Van-den-Elzen_v2.png","contentUrl":"https:\/\/www.vandenelzenplants.com\/wp-content\/uploads\/2021\/03\/Logo_Van-den-Elzen_v2.png","width":340,"height":393,"caption":"Van Den Elzen plants"},"image":{"@id":"https:\/\/www.vandenelzenplants.com\/#\/schema\/logo\/image\/"},"sameAs":["https:\/\/nl-nl.facebook.com\/pages\/category\/Interest\/Van-den-Elzen-Plants-1284105098316678\/","https:\/\/www.instagram.com\/vandenelzenplants\/","https:\/\/www.youtube.com\/channel\/UCTTrDs1pCRfyTQh7ov9tgLw"]}]}},"_links":{"self":[{"href":"https:\/\/www.vandenelzenplants.com\/de\/wp-json\/wp\/v2\/pages\/4086","targetHints":{"allow":["GET"]}}],"collection":[{"href":"https:\/\/www.vandenelzenplants.com\/de\/wp-json\/wp\/v2\/pages"}],"about":[{"href":"https:\/\/www.vandenelzenplants.com\/de\/wp-json\/wp\/v2\/types\/page"}],"author":[{"embeddable":true,"href":"https:\/\/www.vandenelzenplants.com\/de\/wp-json\/wp\/v2\/users\/1"}],"replies":[{"embeddable":true,"href":"https:\/\/www.vandenelzenplants.com\/de\/wp-json\/wp\/v2\/comments?post=4086"}],"version-history":[{"count":0,"href":"https:\/\/www.vandenelzenplants.com\/de\/wp-json\/wp\/v2\/pages\/4086\/revisions"}],"up":[{"embeddable":true,"href":"https:\/\/www.vandenelzenplants.com\/de\/wp-json\/wp\/v2\/pages\/3582"}],"wp:attachment":[{"href":"https:\/\/www.vandenelzenplants.com\/de\/wp-json\/wp\/v2\/media?parent=4086"}],"curies":[{"name":"wp","href":"https:\/\/api.w.org\/{rel}","templated":true}]}}