{"id":1936,"date":"2021-03-04T10:48:03","date_gmt":"2021-03-04T10:48:03","guid":{"rendered":"https:\/\/elzen.questo.nl\/?page_id=1936"},"modified":"2022-06-21T09:29:37","modified_gmt":"2022-06-21T09:29:37","slug":"stolons","status":"publish","type":"page","link":"https:\/\/www.vandenelzenplants.com\/fr\/producten\/aardbeiplanten\/stekplanten\/","title":{"rendered":"Stolons"},"content":{"rendered":"<section class=\"l-section wpb_row us_custom_48bc2d6b border-bottom-product height_medium\"><div class=\"l-section-h i-cf\"><div class=\"g-cols vc_row via_flex valign_top type_default stacking_default\"><div class=\"vc_col-sm-12 wpb_column vc_column_container\"><div class=\"vc_column-inner\"><div class=\"wpb_wrapper\"><div class=\"w-separator size_huge\"><\/div><div class=\"wpb_text_column us_custom_d9d4f8d7 h1-product-mobile has_text_color\"><div class=\"wpb_wrapper\"><section class=\"av_textblock_section\">\n<h1 class=\"avia_textblock\">STOLONS<\/h1>\n<\/section>\n<\/div><\/div>\n\t<div class=\"wpb_raw_code wpb_raw_html wpb_content_element us_custom_61c33ed3\" >\n\t\t<div class=\"wpb_wrapper\">\n\t\t\t<hr class=\"line_kop\">\n\t\t<\/div>\n\t<\/div>\n<\/div><\/div><\/div><\/div><\/div><\/section><section class=\"l-section wpb_row height_medium\"><div class=\"l-section-h i-cf\"><div class=\"g-cols vc_row via_flex valign_top type_default stacking_default\"><div class=\"vc_col-sm-12 wpb_column vc_column_container\"><div class=\"vc_column-inner\"><div class=\"wpb_wrapper\"><div class=\"w-separator size_small\"><\/div><\/div><\/div><\/div><div class=\"vc_col-sm-6 wpb_column vc_column_container\"><div class=\"vc_column-inner\"><div class=\"wpb_wrapper\"><div class=\"w-btn-wrapper align_none\"><a class=\"w-btn us-btn-style_5 icon_atleft\" title=\"Fraisiers\" href=\"\/fr\/produits\/fraisiers\/\"><i class=\"fas fa-angle-left\"><\/i><span class=\"w-btn-label\">Retour \u00e0 l'aper\u00e7u<\/span><\/a><\/div><div class=\"w-separator size_small\"><\/div><div class=\"wpb_text_column\"><div class=\"wpb_wrapper\"><p>Les stolons sont des plantes \u00e0 pointes de racines actives, qui sont utilis\u00e9s pour faire des mini tray plantes ou des misted tips. Van den Elzen Plants effectue de deux mani\u00e8res. \u00c0 l\u2019int\u00e9rieur, en suspension sous serre (stolons serre), et \u00e0 l\u2019ext\u00e9rieur, sur paille (stolons paille). Nous proposons de nombreuses vari\u00e9t\u00e9s \u00e0 nos clients, tant en cat\u00e9gorie BM2 que BM5. Les stolons sont coup\u00e9s \u00e0 partir de juin jusqu\u2019en juillet-ao\u00fbt, puis repiqu\u00e9s ou vendus imm\u00e9diatement, pour garantir un d\u00e9marrage aussi bon que possible des nouveaux jeunes plants.<\/p>\n<\/div><\/div><\/div><\/div><\/div><div class=\"vc_col-sm-6 wpb_column vc_column_container\"><div class=\"vc_column-inner\"><div class=\"wpb_wrapper\"><\/div><\/div><\/div><\/div><\/div><\/section>","protected":false},"excerpt":{"rendered":"STEKPLANTEN Terug naar overzichtStekplanten zijn planten met actieve wortelpunten, die gebruikt worden voor het maken van (mini)tray planten of misted tips. Van den Elzen Plants produceert stekplanten op twee manieren. Binnen, hangend in de kas (kasstek) en buiten, op strobedden (strostek). Van den Elzen Plants gebruikt zowel BM2 als BM5 moederplanten om stek te produceren....","protected":false},"author":2,"featured_media":0,"parent":3576,"menu_order":0,"comment_status":"closed","ping_status":"closed","template":"","meta":{"footnotes":""},"class_list":["post-1936","page","type-page","status-publish","hentry"],"yoast_head":"<!-- This site is optimized with the Yoast SEO plugin v27.3 - https:\/\/yoast.com\/product\/yoast-seo-wordpress\/ -->\n<title>Stekplanten - Van Den Elzen<\/title>\n<meta name=\"robots\" content=\"index, follow, max-snippet:-1, max-image-preview:large, max-video-preview:-1\" \/>\n<link rel=\"canonical\" href=\"https:\/\/www.vandenelzenplants.com\/fr\/produits\/fraisiers\/stolons\/\" \/>\n<meta property=\"og:locale\" content=\"fr_FR\" \/>\n<meta property=\"og:type\" content=\"article\" \/>\n<meta property=\"og:title\" content=\"Stekplanten - Van Den Elzen\" \/>\n<meta property=\"og:url\" content=\"https:\/\/www.vandenelzenplants.com\/fr\/produits\/fraisiers\/stolons\/\" \/>\n<meta property=\"og:site_name\" content=\"Van Den Elzen\" \/>\n<meta property=\"article:publisher\" content=\"https:\/\/nl-nl.facebook.com\/pages\/category\/Interest\/Van-den-Elzen-Plants-1284105098316678\/\" \/>\n<meta property=\"article:modified_time\" content=\"2022-06-21T09:29:37+00:00\" \/>\n<meta name=\"twitter:card\" content=\"summary_large_image\" \/>\n<meta name=\"twitter:label1\" content=\"Dur\u00e9e de lecture estim\u00e9e\" \/>\n\t<meta name=\"twitter:data1\" content=\"1 minute\" \/>\n<script type=\"application\/ld+json\" class=\"yoast-schema-graph\">{\"@context\":\"https:\\\/\\\/schema.org\",\"@graph\":[{\"@type\":\"WebPage\",\"@id\":\"https:\\\/\\\/www.vandenelzenplants.com\\\/producten\\\/aardbeiplanten\\\/stekplanten\\\/\",\"url\":\"https:\\\/\\\/www.vandenelzenplants.com\\\/producten\\\/aardbeiplanten\\\/stekplanten\\\/\",\"name\":\"Stekplanten - Van Den Elzen\",\"isPartOf\":{\"@id\":\"https:\\\/\\\/www.vandenelzenplants.com\\\/#website\"},\"datePublished\":\"2021-03-04T10:48:03+00:00\",\"dateModified\":\"2022-06-21T09:29:37+00:00\",\"breadcrumb\":{\"@id\":\"https:\\\/\\\/www.vandenelzenplants.com\\\/producten\\\/aardbeiplanten\\\/stekplanten\\\/#breadcrumb\"},\"inLanguage\":\"fr-FR\",\"potentialAction\":[{\"@type\":\"ReadAction\",\"target\":[\"https:\\\/\\\/www.vandenelzenplants.com\\\/producten\\\/aardbeiplanten\\\/stekplanten\\\/\"]}]},{\"@type\":\"BreadcrumbList\",\"@id\":\"https:\\\/\\\/www.vandenelzenplants.com\\\/producten\\\/aardbeiplanten\\\/stekplanten\\\/#breadcrumb\",\"itemListElement\":[{\"@type\":\"ListItem\",\"position\":1,\"name\":\"Home\",\"item\":\"https:\\\/\\\/www.vandenelzenplants.com\\\/\"},{\"@type\":\"ListItem\",\"position\":2,\"name\":\"Producten\",\"item\":\"https:\\\/\\\/www.vandenelzenplants.com\\\/producten\\\/\"},{\"@type\":\"ListItem\",\"position\":3,\"name\":\"Aardbeienplanten\",\"item\":\"https:\\\/\\\/www.vandenelzenplants.com\\\/producten\\\/aardbeiplanten\\\/\"},{\"@type\":\"ListItem\",\"position\":4,\"name\":\"Stekplanten\"}]},{\"@type\":\"WebSite\",\"@id\":\"https:\\\/\\\/www.vandenelzenplants.com\\\/#website\",\"url\":\"https:\\\/\\\/www.vandenelzenplants.com\\\/\",\"name\":\"Van Den Elzen\",\"description\":\"Experts in propagation\",\"publisher\":{\"@id\":\"https:\\\/\\\/www.vandenelzenplants.com\\\/#organization\"},\"potentialAction\":[{\"@type\":\"SearchAction\",\"target\":{\"@type\":\"EntryPoint\",\"urlTemplate\":\"https:\\\/\\\/www.vandenelzenplants.com\\\/?s={search_term_string}\"},\"query-input\":{\"@type\":\"PropertyValueSpecification\",\"valueRequired\":true,\"valueName\":\"search_term_string\"}}],\"inLanguage\":\"fr-FR\"},{\"@type\":\"Organization\",\"@id\":\"https:\\\/\\\/www.vandenelzenplants.com\\\/#organization\",\"name\":\"Van Den Elzen plants\",\"url\":\"https:\\\/\\\/www.vandenelzenplants.com\\\/\",\"logo\":{\"@type\":\"ImageObject\",\"inLanguage\":\"fr-FR\",\"@id\":\"https:\\\/\\\/www.vandenelzenplants.com\\\/#\\\/schema\\\/logo\\\/image\\\/\",\"url\":\"https:\\\/\\\/www.vandenelzenplants.com\\\/wp-content\\\/uploads\\\/2021\\\/03\\\/Logo_Van-den-Elzen_v2.png\",\"contentUrl\":\"https:\\\/\\\/www.vandenelzenplants.com\\\/wp-content\\\/uploads\\\/2021\\\/03\\\/Logo_Van-den-Elzen_v2.png\",\"width\":340,\"height\":393,\"caption\":\"Van Den Elzen plants\"},\"image\":{\"@id\":\"https:\\\/\\\/www.vandenelzenplants.com\\\/#\\\/schema\\\/logo\\\/image\\\/\"},\"sameAs\":[\"https:\\\/\\\/nl-nl.facebook.com\\\/pages\\\/category\\\/Interest\\\/Van-den-Elzen-Plants-1284105098316678\\\/\",\"https:\\\/\\\/www.instagram.com\\\/vandenelzenplants\\\/\",\"https:\\\/\\\/www.youtube.com\\\/channel\\\/UCTTrDs1pCRfyTQh7ov9tgLw\"]}]}<\/script>\n<!-- \/ Yoast SEO plugin. -->","yoast_head_json":{"title":"Stekplanten - Van Den Elzen","robots":{"index":"index","follow":"follow","max-snippet":"max-snippet:-1","max-image-preview":"max-image-preview:large","max-video-preview":"max-video-preview:-1"},"canonical":"https:\/\/www.vandenelzenplants.com\/fr\/produits\/fraisiers\/stolons\/","og_locale":"fr_FR","og_type":"article","og_title":"Stekplanten - Van Den Elzen","og_url":"https:\/\/www.vandenelzenplants.com\/fr\/produits\/fraisiers\/stolons\/","og_site_name":"Van Den Elzen","article_publisher":"https:\/\/nl-nl.facebook.com\/pages\/category\/Interest\/Van-den-Elzen-Plants-1284105098316678\/","article_modified_time":"2022-06-21T09:29:37+00:00","twitter_card":"summary_large_image","twitter_misc":{"Dur\u00e9e de lecture estim\u00e9e":"1 minute"},"schema":{"@context":"https:\/\/schema.org","@graph":[{"@type":"WebPage","@id":"https:\/\/www.vandenelzenplants.com\/producten\/aardbeiplanten\/stekplanten\/","url":"https:\/\/www.vandenelzenplants.com\/producten\/aardbeiplanten\/stekplanten\/","name":"Stekplanten - Van Den Elzen","isPartOf":{"@id":"https:\/\/www.vandenelzenplants.com\/#website"},"datePublished":"2021-03-04T10:48:03+00:00","dateModified":"2022-06-21T09:29:37+00:00","breadcrumb":{"@id":"https:\/\/www.vandenelzenplants.com\/producten\/aardbeiplanten\/stekplanten\/#breadcrumb"},"inLanguage":"fr-FR","potentialAction":[{"@type":"ReadAction","target":["https:\/\/www.vandenelzenplants.com\/producten\/aardbeiplanten\/stekplanten\/"]}]},{"@type":"BreadcrumbList","@id":"https:\/\/www.vandenelzenplants.com\/producten\/aardbeiplanten\/stekplanten\/#breadcrumb","itemListElement":[{"@type":"ListItem","position":1,"name":"Home","item":"https:\/\/www.vandenelzenplants.com\/"},{"@type":"ListItem","position":2,"name":"Producten","item":"https:\/\/www.vandenelzenplants.com\/producten\/"},{"@type":"ListItem","position":3,"name":"Aardbeienplanten","item":"https:\/\/www.vandenelzenplants.com\/producten\/aardbeiplanten\/"},{"@type":"ListItem","position":4,"name":"Stekplanten"}]},{"@type":"WebSite","@id":"https:\/\/www.vandenelzenplants.com\/#website","url":"https:\/\/www.vandenelzenplants.com\/","name":"Van Den Elzen","description":"Experts in propagation","publisher":{"@id":"https:\/\/www.vandenelzenplants.com\/#organization"},"potentialAction":[{"@type":"SearchAction","target":{"@type":"EntryPoint","urlTemplate":"https:\/\/www.vandenelzenplants.com\/?s={search_term_string}"},"query-input":{"@type":"PropertyValueSpecification","valueRequired":true,"valueName":"search_term_string"}}],"inLanguage":"fr-FR"},{"@type":"Organization","@id":"https:\/\/www.vandenelzenplants.com\/#organization","name":"Van Den Elzen plants","url":"https:\/\/www.vandenelzenplants.com\/","logo":{"@type":"ImageObject","inLanguage":"fr-FR","@id":"https:\/\/www.vandenelzenplants.com\/#\/schema\/logo\/image\/","url":"https:\/\/www.vandenelzenplants.com\/wp-content\/uploads\/2021\/03\/Logo_Van-den-Elzen_v2.png","contentUrl":"https:\/\/www.vandenelzenplants.com\/wp-content\/uploads\/2021\/03\/Logo_Van-den-Elzen_v2.png","width":340,"height":393,"caption":"Van Den Elzen plants"},"image":{"@id":"https:\/\/www.vandenelzenplants.com\/#\/schema\/logo\/image\/"},"sameAs":["https:\/\/nl-nl.facebook.com\/pages\/category\/Interest\/Van-den-Elzen-Plants-1284105098316678\/","https:\/\/www.instagram.com\/vandenelzenplants\/","https:\/\/www.youtube.com\/channel\/UCTTrDs1pCRfyTQh7ov9tgLw"]}]}},"_links":{"self":[{"href":"https:\/\/www.vandenelzenplants.com\/fr\/wp-json\/wp\/v2\/pages\/1936","targetHints":{"allow":["GET"]}}],"collection":[{"href":"https:\/\/www.vandenelzenplants.com\/fr\/wp-json\/wp\/v2\/pages"}],"about":[{"href":"https:\/\/www.vandenelzenplants.com\/fr\/wp-json\/wp\/v2\/types\/page"}],"author":[{"embeddable":true,"href":"https:\/\/www.vandenelzenplants.com\/fr\/wp-json\/wp\/v2\/users\/2"}],"replies":[{"embeddable":true,"href":"https:\/\/www.vandenelzenplants.com\/fr\/wp-json\/wp\/v2\/comments?post=1936"}],"version-history":[{"count":0,"href":"https:\/\/www.vandenelzenplants.com\/fr\/wp-json\/wp\/v2\/pages\/1936\/revisions"}],"up":[{"embeddable":true,"href":"https:\/\/www.vandenelzenplants.com\/fr\/wp-json\/wp\/v2\/pages\/3576"}],"wp:attachment":[{"href":"https:\/\/www.vandenelzenplants.com\/fr\/wp-json\/wp\/v2\/media?parent=1936"}],"curies":[{"name":"wp","href":"https:\/\/api.w.org\/{rel}","templated":true}]}}