{"id":280,"date":"2021-02-17T13:58:26","date_gmt":"2021-02-17T13:58:26","guid":{"rendered":"https:\/\/elzen.questo.nl\/?page_id=280"},"modified":"2025-08-19T06:44:23","modified_gmt":"2025-08-19T06:44:23","slug":"over-ons","status":"publish","type":"page","link":"https:\/\/www.vandenelzenplants.com\/fr\/over-ons\/","title":{"rendered":"\u00c0 propos de nous"},"content":{"rendered":"<section class=\"l-section wpb_row height_auto\"><div class=\"l-section-h i-cf\"><div class=\"g-cols vc_row via_flex valign_middle type_default reversed stacking_default\"><div class=\"vc_col-sm-6 wpb_column vc_column_container\"><div class=\"vc_column-inner\"><div class=\"wpb_wrapper\"><div class=\"w-separator size_small\"><\/div><div class=\"wpb_text_column us_custom_6980b696\"><div class=\"wpb_wrapper\"><h1>\u00c0 propos de nous<\/h1>\n<\/div><\/div>\n\t<div class=\"wpb_raw_code wpb_raw_html wpb_content_element us_custom_909b2fd0\" >\n\t\t<div class=\"wpb_wrapper\">\n\t\t\t<hr class=\"line_kop\">\n\t\t<\/div>\n\t<\/div>\n<div class=\"w-separator size_small\"><\/div><div class=\"wpb_text_column\"><div class=\"wpb_wrapper\"><h2>The best of 2 worlds<\/h2>\n<\/div><\/div><\/div><\/div><\/div><div class=\"vc_col-sm-6 wpb_column vc_column_container border-radius-left-bottom has_bg_color stretched\"><div class=\"vc_column-inner us_custom_4a9bf281\"><div class=\"wpb_wrapper\"><\/div><\/div><\/div><\/div><\/div><\/section><section class=\"l-section wpb_row us_custom_63d558fa height_medium\"><div class=\"l-section-h i-cf\"><div class=\"g-cols vc_row via_flex valign_middle type_default reversed stacking_default\"><div class=\"vc_col-sm-6 wpb_column vc_column_container stretched\"><div class=\"vc_column-inner us_custom_5a516e69\"><div class=\"wpb_wrapper\"><div class=\"w-image border-radius-right-top-bottom align_none\"><div class=\"w-image-h\"><img decoding=\"async\" width=\"1200\" height=\"950\" src=\"https:\/\/www.vandenelzenplants.com\/wp-content\/uploads\/2022\/08\/Onze-kernbelofte_Over-ons_1200x950px.jpg\" class=\"attachment-full size-full\" alt=\"\" loading=\"lazy\" srcset=\"https:\/\/www.vandenelzenplants.com\/wp-content\/uploads\/2022\/08\/Onze-kernbelofte_Over-ons_1200x950px.jpg 1200w, https:\/\/www.vandenelzenplants.com\/wp-content\/uploads\/2022\/08\/Onze-kernbelofte_Over-ons_1200x950px-300x238.jpg 300w, https:\/\/www.vandenelzenplants.com\/wp-content\/uploads\/2022\/08\/Onze-kernbelofte_Over-ons_1200x950px-1024x811.jpg 1024w, https:\/\/www.vandenelzenplants.com\/wp-content\/uploads\/2022\/08\/Onze-kernbelofte_Over-ons_1200x950px-15x12.jpg 15w\" sizes=\"auto, (max-width: 1200px) 100vw, 1200px\" \/><\/div><\/div><\/div><\/div><\/div><div class=\"vc_col-sm-6 wpb_column vc_column_container\"><div class=\"vc_column-inner\"><div class=\"wpb_wrapper\"><div class=\"w-separator size_huge\"><\/div><div class=\"g-cols wpb_row via_flex valign_top type_default stacking_default\"><div class=\"vc_col-sm-12 wpb_column vc_column_container\"><div class=\"vc_column-inner\"><div class=\"wpb_wrapper\"><div class=\"w-separator size_huge\"><\/div><div class=\"wpb_text_column us_custom_4c511532\"><div class=\"wpb_wrapper\"><h2>Notre<br \/>\nengagement cl\u00e9<\/h2>\n<\/div><\/div><\/div><\/div><\/div><div class=\"vc_col-sm-12 wpb_column vc_column_container\"><div class=\"vc_column-inner\"><div class=\"wpb_wrapper\"><div class=\"w-separator size_small\"><\/div>\n\t<div class=\"wpb_raw_code wpb_raw_html wpb_content_element us_custom_909b2fd0\" >\n\t\t<div class=\"wpb_wrapper\">\n\t\t\t<hr class=\"line\">\n\t\t<\/div>\n\t<\/div>\n<div class=\"w-separator size_small\"><\/div><\/div><\/div><\/div><div class=\"vc_col-sm-12 wpb_column vc_column_container\"><div class=\"vc_column-inner\"><div class=\"wpb_wrapper\"><div class=\"wpb_text_column us_custom_a5c88937\"><div class=\"wpb_wrapper\"><p>Van den Elzen Plants met tout en \u0153uvre pour vous assurer une culture r\u00e9ussie. Nous sommes conscients chaque jour que la qualit\u00e9 de nos plants est un facteur crucial pour votre succ\u00e8s. C\u2019est pourquoi nous investissons dans la \u2018qualit\u00e9 pr\u00e9visible\u2019 et am\u00e9liorons continuellement notre organisation par le biais de formations internes et de l\u2019utilisation de syst\u00e8mes intelligents de gestion de la qualit\u00e9. C\u2019est la condition indispensable pour que vous puissiez continuer \u00e0 compter sur nous et \u00e0 b\u00e2tir votre r\u00e9ussite.<\/p>\n<\/div><\/div><\/div><\/div><\/div><\/div><div class=\"w-separator size_huge\"><\/div><\/div><\/div><\/div><\/div><\/div><\/section><section class=\"l-section wpb_row us_custom_c3139331 height_auto\"><div class=\"l-section-h i-cf\"><div class=\"g-cols vc_row via_flex valign_top type_default stacking_default\"><div class=\"vc_col-sm-6 wpb_column vc_column_container\"><div class=\"vc_column-inner us_custom_e968d355\"><div class=\"wpb_wrapper\"><div class=\"w-separator size_custom\" style=\"height:100px\" id=\"o448\"><style>@media(max-width:1024px){ #o448{height:30px!important}}@media(max-width:600px){ #o448{height:0px!important}}<\/style><\/div><div class=\"wpb_text_column us_custom_6beadc5c has_text_color\"><div class=\"wpb_wrapper\"><h2>Organisation<\/h2>\n<\/div><\/div>\n\t<div class=\"wpb_raw_code wpb_raw_html wpb_content_element us_custom_909b2fd0\" >\n\t\t<div class=\"wpb_wrapper\">\n\t\t\t<hr class=\"line\">\n\t\t<\/div>\n\t<\/div>\n<div class=\"w-separator size_large\"><\/div><div class=\"wpb_text_column\"><div class=\"wpb_wrapper\"><p>Van den Elzen Plants se compose d\u2019une \u00e9quipe d\u2019environ 75 employ\u00e9s permanents, compl\u00e9t\u00e9e d\u2019environ 200-900 travailleurs temporaires afin de pouvoir faire face aux pointes. La direction et est compos\u00e9e de Arnoud van Asseldonk, Bart van Eerdt, Maurice Deben et Frank Coppens. Tous ensemble, nous nous concentrons sur nos principales priorit\u00e9s: Produire efficacement des plants de fraises, d'asperges, de framboises, de m\u00fbres et de myrtilles d\u2019une qualit\u00e9 \u00e9lev\u00e9e pr\u00e9visible, pour le march\u00e9 europ\u00e9en et international. En outre, nous visons la plus grande s\u00e9curit\u00e9 de livraison possible pour vous en tant que client.<\/p>\n<\/div><\/div><div class=\"w-separator size_custom\" style=\"height:20vh\" id=\"ee06\"><style>@media(max-width:1024px){ #ee06{height:100px!important}}@media(max-width:600px){ #ee06{height:20px!important}}<\/style><\/div><\/div><\/div><\/div><div class=\"vc_col-sm-6 wpb_column vc_column_container border-radius-left-top-bottom has_bg_color stretched\"><div class=\"vc_column-inner us_custom_197e8642\"><div class=\"wpb_wrapper\"><\/div><\/div><\/div><\/div><\/div><\/section><section class=\"l-section wpb_row us_custom_6ac696ea height_auto\"><div class=\"l-section-overlay\" style=\"background:#F5F5F5\"><\/div><div class=\"l-section-h i-cf\"><div class=\"g-cols vc_row via_flex valign_top type_default stacking_default\"><div class=\"vc_col-sm-12 wpb_column vc_column_container\"><div class=\"vc_column-inner\"><div class=\"wpb_wrapper\"><div class=\"w-separator size_custom\" style=\"height:200px\" id=\"z3ea\"><style>@media(max-width:1024px){ #z3ea{height:50px!important}}@media(max-width:600px){ #z3ea{height:50px!important}}<\/style><\/div><div class=\"wpb_text_column us_custom_6beadc5c has_text_color\"><div class=\"wpb_wrapper\"><h2>Historique<\/h2>\n<\/div><\/div>\n\t<div class=\"wpb_raw_code wpb_raw_html wpb_content_element us_custom_909b2fd0\" >\n\t\t<div class=\"wpb_wrapper\">\n\t\t\t<hr class=\"line\">\n\t\t<\/div>\n\t<\/div>\n<div class=\"w-separator size_large\"><\/div><\/div><\/div><\/div><div class=\"vc_col-sm-6 wpb_column vc_column_container\"><div class=\"vc_column-inner\"><div class=\"wpb_wrapper\"><div class=\"wpb_text_column us_custom_ab531171\"><div class=\"wpb_wrapper\"><p><u>Fusion<br \/>\n<\/u>En 2022, Van den Elzen Plantenkwekerij et Het Broek Softfruit ont fusionn\u00e9. Cela a cr\u00e9\u00e9 l\u2019une des plus grandes p\u00e9pini\u00e8res d\u2019Europe du Nord. En partageant leurs connaissances, en r\u00e9partissant les risques et en combinant leurs forces, Van den Elzen Plantenkwekerij et Het Broek Softfruit forment ensemble <strong>une \u00e9quipe avec le meilleur des deux mondes<\/strong>.<\/p>\n<p><u>Van den Elzen Plantenkwekerij<br \/>\n<\/u>Le fondateur Jan van den Elzen a cr\u00e9\u00e9 l\u2019entreprise en 1956 en tant que producteur de l\u00e9gumes de grande culture et de petits fruits. D\u00e8s le d\u00e9but, l\u2019entreprise s\u2019est distingu\u00e9e par l\u2019utilisation de la technologie moderne pour pouvoir r\u00e9pondre au mieux aux souhaits des clients. Dans les ann\u00e9es 70, par exemple, Van den Elzen Plantenkwekerij a \u00e9t\u00e9 l\u2019une des premi\u00e8res entreprises horticoles \u00e0 se sp\u00e9cialiser dans la culture de mat\u00e9riel m\u00e8re et de plantation.<\/p>\n<p>Au milieu des ann\u00e9es 80, les fils Jos et Henk sont devenus actifs \u00e0 temps plein dans l\u2019entreprise et en 1996, ils ont repris la barre de leur p\u00e8re. En 2007, en plus des plants de fraises et des griffes d\u2019asperges, la culture de longues cannes de framboise a \u00e9galement \u00e9t\u00e9 ajout\u00e9e \u00e0 la gamme. Cette base solide a fait de l\u2019entreprise un acteur international majeur avec des clients dans toute l\u2019Europe et au-del\u00e0.<\/p>\n<\/div><\/div><\/div><\/div><\/div><div class=\"vc_col-sm-6 wpb_column vc_column_container\"><div class=\"vc_column-inner\"><div class=\"wpb_wrapper\"><div class=\"wpb_text_column us_custom_ab531171\"><div class=\"wpb_wrapper\"><p><u>Het Broek Softfruitplants<br \/>\n<\/u>Le Broek Softfruit a \u00e9t\u00e9 cr\u00e9\u00e9 en 1990 par Arnoud et Nancy van Asseldonk. Initialement, des poireaux, des carottes bottel\u00e9es et des fraises \u00e9taient produits. Bient\u00f4t, la culture des fraisiers a suivi et cela est devenu une partie importante de l\u2019entreprise. La production de poireaux et de carottes bottel\u00e9es a continu\u00e9 de d\u00e9cliner et la vente de plants de fraises est devenue plus dominante.<\/p>\n<p>Depuis 2005, Arnoud s\u2019est sp\u00e9cialis\u00e9 dans la production de plants de framboises et de m\u00fbres en plus des plants de fraises. Depuis 2007, Het Broek Softfruit travaille en \u00e9troite collaboration avec BerryWorld\u00ae et la gamme de vari\u00e9t\u00e9s exclusives a \u00e9t\u00e9 \u00e9largie au fil des ans. Ann\u00e9es d\u2019exp\u00e9rience avec la propre production de fruits de fraises, framboises, m\u00fbres et bleuets ont contribu\u00e9 \u00e0 faire de Het Broek Softfruit une entreprise tr\u00e8s prosp\u00e8re dans le secteur des fruits \u00e0 baies.<\/p>\n<\/div><\/div><\/div><\/div><\/div><div class=\"vc_col-sm-12 wpb_column vc_column_container\"><div class=\"vc_column-inner\"><div class=\"wpb_wrapper\"><div class=\"w-separator size_custom\" style=\"height:150px\" id=\"x2f0\"><style>@media(max-width:1024px){ #x2f0{height:50px!important}}@media(max-width:600px){ #x2f0{height:50px!important}}<\/style><\/div><\/div><\/div><\/div><\/div><\/div><\/section><section class=\"l-section wpb_row height_auto\"><div class=\"l-section-h i-cf\"><div class=\"g-cols vc_row via_flex valign_top type_default stacking_default\"><div class=\"vc_col-sm-12 wpb_column vc_column_container\"><div class=\"vc_column-inner\"><div class=\"wpb_wrapper\"><div class=\"w-separator size_huge\"><\/div><\/div><\/div><\/div><\/div><\/div><\/section><section class=\"l-section wpb_row us_custom_02ec706e height_auto\"><div class=\"l-section-h i-cf\"><div class=\"g-cols vc_row via_flex valign_bottom type_default reversed stacking_default\"><div class=\"vc_col-sm-6 wpb_column vc_column_container stretched\"><div class=\"vc_column-inner us_custom_01b33b16\"><div class=\"wpb_wrapper\"><div class=\"w-image border-radius-right-top align_none\"><div class=\"w-image-h\"><img decoding=\"async\" width=\"1200\" height=\"950\" src=\"https:\/\/www.vandenelzenplants.com\/wp-content\/uploads\/2022\/08\/Kwaliteit-zit-in-onze-genen_Over-ons_1200x950px-1.jpg\" class=\"attachment-full size-full\" alt=\"\" loading=\"lazy\" srcset=\"https:\/\/www.vandenelzenplants.com\/wp-content\/uploads\/2022\/08\/Kwaliteit-zit-in-onze-genen_Over-ons_1200x950px-1.jpg 1200w, https:\/\/www.vandenelzenplants.com\/wp-content\/uploads\/2022\/08\/Kwaliteit-zit-in-onze-genen_Over-ons_1200x950px-1-300x238.jpg 300w, https:\/\/www.vandenelzenplants.com\/wp-content\/uploads\/2022\/08\/Kwaliteit-zit-in-onze-genen_Over-ons_1200x950px-1-1024x811.jpg 1024w, https:\/\/www.vandenelzenplants.com\/wp-content\/uploads\/2022\/08\/Kwaliteit-zit-in-onze-genen_Over-ons_1200x950px-1-15x12.jpg 15w\" sizes=\"auto, (max-width: 1200px) 100vw, 1200px\" \/><\/div><\/div><\/div><\/div><\/div><div class=\"vc_col-sm-6 wpb_column vc_column_container\"><div class=\"vc_column-inner\"><div class=\"wpb_wrapper\"><div class=\"g-cols wpb_row us_custom_bc53ee83 via_flex valign_top type_default stacking_default\"><div class=\"vc_col-sm-12 wpb_column vc_column_container\"><div class=\"vc_column-inner\"><div class=\"wpb_wrapper\"><div class=\"wpb_text_column us_custom_4c511532\"><div class=\"wpb_wrapper\"><h2 class=\"translation-block\">Nous sommes passionn\u00e9s de qualit\u00e9<\/h2>\n<\/div><\/div><\/div><\/div><\/div><div class=\"vc_col-sm-12 wpb_column vc_column_container\"><div class=\"vc_column-inner\"><div class=\"wpb_wrapper\"><div class=\"w-separator size_small\"><\/div>\n\t<div class=\"wpb_raw_code wpb_raw_html wpb_content_element us_custom_909b2fd0\" >\n\t\t<div class=\"wpb_wrapper\">\n\t\t\t<hr class=\"line\">\n\t\t<\/div>\n\t<\/div>\n<div class=\"w-separator size_small\"><\/div><\/div><\/div><\/div><div class=\"vc_col-sm-12 wpb_column vc_column_container\"><div class=\"vc_column-inner\"><div class=\"wpb_wrapper\"><div class=\"wpb_text_column us_custom_4a516165\"><div class=\"wpb_wrapper\"><p>Van den Elzen Plants a pour principe la qualit\u00e9 avant tout \u00e0  choisi. Le niveau de qualit\u00e9 \u00e9lev\u00e9 est \u00e9troitement li\u00e9 \u00e0 nos processus commerciaux, mais il se refl\u00e8te aussi dans les connaissances de nos employ\u00e9s. Vous pouvez compter sur un d\u00e9marrage optimal de vos cultures \u2013 c\u2019est notre priorit\u00e9!<\/p>\n<\/div><\/div><div class=\"w-separator size_small\"><\/div><\/div><\/div><\/div><\/div><div class=\"w-hwrapper valign_top wrap align_none\" style=\"--hwrapper-gap:4rem\">\n\t<div class=\"wpb_raw_code wpb_raw_html wpb_content_element us_custom_8d5aa4e2\" >\n\t\t<div class=\"wpb_wrapper\">\n\t\t\t<div class=\"knop\">\n<a href=\"\/fr\/kwaliteit\/\">Lire plus<\/a>\n<\/div>\n\t\t<\/div>\n\t<\/div>\n\n\t<div class=\"wpb_raw_code wpb_raw_html wpb_content_element us_custom_8d5aa4e2\" >\n\t\t<div class=\"wpb_wrapper\">\n\t\t\t<div class=\"knop\">\n<a href=\"https:\/\/www.youtube.com\/channel\/UCTTrDs1pCRfyTQh7ov9tgLw\" target=\"blank\">Plus de vid\u00e9os<\/a>\n<\/div>\n\t\t<\/div>\n\t<\/div>\n<\/div><div class=\"w-separator size_custom\" style=\"height:20vh\" id=\"oe23\"><style>@media(max-width:1024px){ #oe23{height:10vh!important}}@media(max-width:600px){ #oe23{height:30px!important}}<\/style><\/div><\/div><\/div><\/div><\/div><\/div><\/section>","protected":false},"excerpt":{"rendered":"Over ons The best of 2 worlds Onze kernbelofte Van den Elzen Plants stelt alles in het werk om haar klanten van een succesvolle teelt te voorzien. Wij zijn ons elke dag bewust dat de kwaliteit van onze planten een cruciale factor is voor uw succes. Daarom investeren we in \u2018voorspelbare kwaliteit\u2019 en verbeteren we...","protected":false},"author":2,"featured_media":0,"parent":0,"menu_order":0,"comment_status":"closed","ping_status":"closed","template":"","meta":{"footnotes":""},"class_list":["post-280","page","type-page","status-publish","hentry"],"yoast_head":"<!-- This site is optimized with the Yoast SEO plugin v27.6 - https:\/\/yoast.com\/product\/yoast-seo-wordpress\/ -->\n<title>Over ons - Van Den Elzen<\/title>\n<meta name=\"robots\" content=\"index, follow, max-snippet:-1, max-image-preview:large, max-video-preview:-1\" \/>\n<link rel=\"canonical\" href=\"https:\/\/www.vandenelzenplants.com\/fr\/over-ons\/\" \/>\n<meta property=\"og:locale\" content=\"fr_FR\" \/>\n<meta property=\"og:type\" content=\"article\" \/>\n<meta property=\"og:title\" content=\"Over ons - Van Den Elzen\" \/>\n<meta property=\"og:url\" content=\"https:\/\/www.vandenelzenplants.com\/fr\/over-ons\/\" \/>\n<meta property=\"og:site_name\" content=\"Van Den Elzen\" \/>\n<meta property=\"article:publisher\" content=\"https:\/\/nl-nl.facebook.com\/pages\/category\/Interest\/Van-den-Elzen-Plants-1284105098316678\/\" \/>\n<meta property=\"article:modified_time\" content=\"2025-08-19T06:44:23+00:00\" \/>\n<meta name=\"twitter:card\" content=\"summary_large_image\" \/>\n<meta name=\"twitter:label1\" content=\"Dur\u00e9e de lecture estim\u00e9e\" \/>\n\t<meta name=\"twitter:data1\" content=\"5 minutes\" \/>\n<script type=\"application\/ld+json\" class=\"yoast-schema-graph\">{\"@context\":\"https:\\\/\\\/schema.org\",\"@graph\":[{\"@type\":\"WebPage\",\"@id\":\"https:\\\/\\\/www.vandenelzenplants.com\\\/over-ons\\\/\",\"url\":\"https:\\\/\\\/www.vandenelzenplants.com\\\/over-ons\\\/\",\"name\":\"Over ons - Van Den Elzen\",\"isPartOf\":{\"@id\":\"https:\\\/\\\/www.vandenelzenplants.com\\\/#website\"},\"datePublished\":\"2021-02-17T13:58:26+00:00\",\"dateModified\":\"2025-08-19T06:44:23+00:00\",\"breadcrumb\":{\"@id\":\"https:\\\/\\\/www.vandenelzenplants.com\\\/over-ons\\\/#breadcrumb\"},\"inLanguage\":\"fr-FR\",\"potentialAction\":[{\"@type\":\"ReadAction\",\"target\":[\"https:\\\/\\\/www.vandenelzenplants.com\\\/over-ons\\\/\"]}]},{\"@type\":\"BreadcrumbList\",\"@id\":\"https:\\\/\\\/www.vandenelzenplants.com\\\/over-ons\\\/#breadcrumb\",\"itemListElement\":[{\"@type\":\"ListItem\",\"position\":1,\"name\":\"Home\",\"item\":\"https:\\\/\\\/www.vandenelzenplants.com\\\/\"},{\"@type\":\"ListItem\",\"position\":2,\"name\":\"Over ons\"}]},{\"@type\":\"WebSite\",\"@id\":\"https:\\\/\\\/www.vandenelzenplants.com\\\/#website\",\"url\":\"https:\\\/\\\/www.vandenelzenplants.com\\\/\",\"name\":\"Van Den Elzen\",\"description\":\"Experts in propagation\",\"publisher\":{\"@id\":\"https:\\\/\\\/www.vandenelzenplants.com\\\/#organization\"},\"potentialAction\":[{\"@type\":\"SearchAction\",\"target\":{\"@type\":\"EntryPoint\",\"urlTemplate\":\"https:\\\/\\\/www.vandenelzenplants.com\\\/?s={search_term_string}\"},\"query-input\":{\"@type\":\"PropertyValueSpecification\",\"valueRequired\":true,\"valueName\":\"search_term_string\"}}],\"inLanguage\":\"fr-FR\"},{\"@type\":\"Organization\",\"@id\":\"https:\\\/\\\/www.vandenelzenplants.com\\\/#organization\",\"name\":\"Van Den Elzen plants\",\"url\":\"https:\\\/\\\/www.vandenelzenplants.com\\\/\",\"logo\":{\"@type\":\"ImageObject\",\"inLanguage\":\"fr-FR\",\"@id\":\"https:\\\/\\\/www.vandenelzenplants.com\\\/#\\\/schema\\\/logo\\\/image\\\/\",\"url\":\"https:\\\/\\\/www.vandenelzenplants.com\\\/wp-content\\\/uploads\\\/2021\\\/03\\\/Logo_Van-den-Elzen_v2.png\",\"contentUrl\":\"https:\\\/\\\/www.vandenelzenplants.com\\\/wp-content\\\/uploads\\\/2021\\\/03\\\/Logo_Van-den-Elzen_v2.png\",\"width\":340,\"height\":393,\"caption\":\"Van Den Elzen plants\"},\"image\":{\"@id\":\"https:\\\/\\\/www.vandenelzenplants.com\\\/#\\\/schema\\\/logo\\\/image\\\/\"},\"sameAs\":[\"https:\\\/\\\/nl-nl.facebook.com\\\/pages\\\/category\\\/Interest\\\/Van-den-Elzen-Plants-1284105098316678\\\/\",\"https:\\\/\\\/www.instagram.com\\\/vandenelzenplants\\\/\",\"https:\\\/\\\/www.youtube.com\\\/channel\\\/UCTTrDs1pCRfyTQh7ov9tgLw\"]}]}<\/script>\n<!-- \/ Yoast SEO plugin. -->","yoast_head_json":{"title":"Over ons - Van Den Elzen","robots":{"index":"index","follow":"follow","max-snippet":"max-snippet:-1","max-image-preview":"max-image-preview:large","max-video-preview":"max-video-preview:-1"},"canonical":"https:\/\/www.vandenelzenplants.com\/fr\/over-ons\/","og_locale":"fr_FR","og_type":"article","og_title":"Over ons - Van Den Elzen","og_url":"https:\/\/www.vandenelzenplants.com\/fr\/over-ons\/","og_site_name":"Van Den Elzen","article_publisher":"https:\/\/nl-nl.facebook.com\/pages\/category\/Interest\/Van-den-Elzen-Plants-1284105098316678\/","article_modified_time":"2025-08-19T06:44:23+00:00","twitter_card":"summary_large_image","twitter_misc":{"Dur\u00e9e de lecture estim\u00e9e":"5 minutes"},"schema":{"@context":"https:\/\/schema.org","@graph":[{"@type":"WebPage","@id":"https:\/\/www.vandenelzenplants.com\/over-ons\/","url":"https:\/\/www.vandenelzenplants.com\/over-ons\/","name":"Over ons - Van Den Elzen","isPartOf":{"@id":"https:\/\/www.vandenelzenplants.com\/#website"},"datePublished":"2021-02-17T13:58:26+00:00","dateModified":"2025-08-19T06:44:23+00:00","breadcrumb":{"@id":"https:\/\/www.vandenelzenplants.com\/over-ons\/#breadcrumb"},"inLanguage":"fr-FR","potentialAction":[{"@type":"ReadAction","target":["https:\/\/www.vandenelzenplants.com\/over-ons\/"]}]},{"@type":"BreadcrumbList","@id":"https:\/\/www.vandenelzenplants.com\/over-ons\/#breadcrumb","itemListElement":[{"@type":"ListItem","position":1,"name":"Home","item":"https:\/\/www.vandenelzenplants.com\/"},{"@type":"ListItem","position":2,"name":"Over ons"}]},{"@type":"WebSite","@id":"https:\/\/www.vandenelzenplants.com\/#website","url":"https:\/\/www.vandenelzenplants.com\/","name":"Van Den Elzen","description":"Experts in propagation","publisher":{"@id":"https:\/\/www.vandenelzenplants.com\/#organization"},"potentialAction":[{"@type":"SearchAction","target":{"@type":"EntryPoint","urlTemplate":"https:\/\/www.vandenelzenplants.com\/?s={search_term_string}"},"query-input":{"@type":"PropertyValueSpecification","valueRequired":true,"valueName":"search_term_string"}}],"inLanguage":"fr-FR"},{"@type":"Organization","@id":"https:\/\/www.vandenelzenplants.com\/#organization","name":"Van Den Elzen plants","url":"https:\/\/www.vandenelzenplants.com\/","logo":{"@type":"ImageObject","inLanguage":"fr-FR","@id":"https:\/\/www.vandenelzenplants.com\/#\/schema\/logo\/image\/","url":"https:\/\/www.vandenelzenplants.com\/wp-content\/uploads\/2021\/03\/Logo_Van-den-Elzen_v2.png","contentUrl":"https:\/\/www.vandenelzenplants.com\/wp-content\/uploads\/2021\/03\/Logo_Van-den-Elzen_v2.png","width":340,"height":393,"caption":"Van Den Elzen plants"},"image":{"@id":"https:\/\/www.vandenelzenplants.com\/#\/schema\/logo\/image\/"},"sameAs":["https:\/\/nl-nl.facebook.com\/pages\/category\/Interest\/Van-den-Elzen-Plants-1284105098316678\/","https:\/\/www.instagram.com\/vandenelzenplants\/","https:\/\/www.youtube.com\/channel\/UCTTrDs1pCRfyTQh7ov9tgLw"]}]}},"_links":{"self":[{"href":"https:\/\/www.vandenelzenplants.com\/fr\/wp-json\/wp\/v2\/pages\/280","targetHints":{"allow":["GET"]}}],"collection":[{"href":"https:\/\/www.vandenelzenplants.com\/fr\/wp-json\/wp\/v2\/pages"}],"about":[{"href":"https:\/\/www.vandenelzenplants.com\/fr\/wp-json\/wp\/v2\/types\/page"}],"author":[{"embeddable":true,"href":"https:\/\/www.vandenelzenplants.com\/fr\/wp-json\/wp\/v2\/users\/2"}],"replies":[{"embeddable":true,"href":"https:\/\/www.vandenelzenplants.com\/fr\/wp-json\/wp\/v2\/comments?post=280"}],"version-history":[{"count":0,"href":"https:\/\/www.vandenelzenplants.com\/fr\/wp-json\/wp\/v2\/pages\/280\/revisions"}],"wp:attachment":[{"href":"https:\/\/www.vandenelzenplants.com\/fr\/wp-json\/wp\/v2\/media?parent=280"}],"curies":[{"name":"wp","href":"https:\/\/api.w.org\/{rel}","templated":true}]}}