{"id":4084,"date":"2022-02-01T10:37:51","date_gmt":"2022-02-01T10:37:51","guid":{"rendered":"https:\/\/elzen.questo.nl\/?page_id=4084"},"modified":"2025-09-17T08:18:51","modified_gmt":"2025-09-17T08:18:51","slug":"longcanes","status":"publish","type":"page","link":"https:\/\/www.vandenelzenplants.com\/fr\/producten\/frambozenplanten\/longcanes\/","title":{"rendered":"Longue Cannes"},"content":{"rendered":"<section class=\"l-section wpb_row us_custom_34cd2076 border-bottom-product height_medium\"><div class=\"l-section-h i-cf\"><div class=\"g-cols vc_row via_flex valign_top type_default stacking_default\"><div class=\"vc_col-sm-12 wpb_column vc_column_container\"><div class=\"vc_column-inner\"><div class=\"wpb_wrapper\"><div class=\"w-separator size_huge\"><\/div><div class=\"wpb_text_column us_custom_a0a2731b h1-product-mobile has_text_color\"><div class=\"wpb_wrapper\"><h1>Longue Cannes<\/h1>\n<\/div><\/div>\n\t<div class=\"wpb_raw_code wpb_raw_html wpb_content_element us_custom_61c33ed3\" >\n\t\t<div class=\"wpb_wrapper\">\n\t\t\t<hr class=\"line_kop\">\n\t\t<\/div>\n\t<\/div>\n<\/div><\/div><\/div><\/div><\/div><\/section><section class=\"l-section wpb_row height_medium\"><div class=\"l-section-h i-cf\"><div class=\"g-cols vc_row via_flex valign_top type_default stacking_default\"><div class=\"vc_col-sm-12 wpb_column vc_column_container\"><div class=\"vc_column-inner\"><div class=\"wpb_wrapper\"><div class=\"w-separator size_small\"><\/div><\/div><\/div><\/div><div class=\"vc_col-sm-6 wpb_column vc_column_container\"><div class=\"vc_column-inner\"><div class=\"wpb_wrapper\"><div class=\"w-btn-wrapper align_none\"><a class=\"w-btn us-btn-style_5 icon_atleft\" title=\"Fraisiers\" href=\"\/fr\/produits\/framboisiers\/\"><i class=\"fas fa-angle-left\"><\/i><span class=\"w-btn-label\">Retour \u00e0 l'aper\u00e7u<\/span><\/a><\/div><div class=\"w-separator size_small\"><\/div><div class=\"wpb_text_column\"><div class=\"wpb_wrapper\"><p>Longue cannes sont principalement cultiv\u00e9es pour la production dans des tunnels et serres. Le longue canne est cultiv\u00e9 dans le substrat afin d`\u00eatre en mesure de contr\u00f4ler la plante de fa\u00e7on optimale. Chez en m\u00eame temps arrive les lat\u00e9rales avec le germination des bourgeons, apr\u00e8s quoi les fruits de pollinisation se d\u00e9veloppent.  De cette fa\u00e7on, le producteur peut planifier avec pr\u00e9cision son temps de la r\u00e9colte et le rendement. L\u2019utilisation de longues cannes am\u00e9loire la performance au travail, ce qui profite \u00e0 la rentabilit\u00e9 de la culture. Van den Elzen utilis\u00e9 seulement plantes en motte de haute qualit\u00e9 pour la culture des longue cannes. Les plants sont emball\u00e9es et stock\u00e9es dans des chambres froides les p\u00e9riodes diff\u00e9rentes selon des besoins. Canes vertes  de la fin de septembre et octobre et les long canes pour le stockage plus en novembre et d\u00e9cembre. La livraison cane vertes \u00e0 partir de d\u00e9but de novembre \u00e0 le fin le d\u00e9cembre. Les cannes de stockage plus de la fin de janvier \u00e0 la mi-juillet.<\/p>\n<\/div><\/div><\/div><\/div><\/div><div class=\"vc_col-sm-6 wpb_column vc_column_container\"><div class=\"vc_column-inner\"><div class=\"wpb_wrapper\"><div class=\"w-text\"><span class=\"w-text-h\"><span class=\"w-text-value\">Les vari\u00e9t\u00e9s suivantes sont disponibles de longues cannes:<\/span><\/span><\/div><div class=\"w-separator size_small\"><\/div><div class=\"w-btn-wrapper align_none\"><a class=\"w-btn us-btn-style_1\" target=\"_blank\" href=\"https:\/\/www.vandenelzenplants.com\/fr\/produits\/framboisiers\/\"><span class=\"w-btn-label\">Dafne<\/span><\/a><\/div><div class=\"w-btn-wrapper align_none\"><a class=\"w-btn us-btn-style_1\" target=\"_blank\" href=\"https:\/\/www.vandenelzenplants.com\/fr\/planten\/glen-ample\/\"><span class=\"w-btn-label\">Glen Ample<\/span><\/a><\/div><div class=\"w-btn-wrapper align_none\"><a class=\"w-btn us-btn-style_1\" target=\"_blank\" href=\"https:\/\/www.vandenelzenplants.com\/fr\/planten\/lagorai-plus\/\"><span class=\"w-btn-label\">Lagorai Plus<\/span><\/a><\/div><div class=\"w-btn-wrapper align_none\"><a class=\"w-btn us-btn-style_1\" target=\"_blank\" href=\"https:\/\/www.vandenelzenplants.com\/fr\/planten\/majestic\/\"><span class=\"w-btn-label\">Majestic<\/span><\/a><\/div><div class=\"w-btn-wrapper align_none\"><a class=\"w-btn us-btn-style_1\" target=\"_blank\" href=\"https:\/\/www.vandenelzenplants.com\/fr\/produits\/framboisiers\/\"><span class=\"w-btn-label\">Malling Bella<\/span><\/a><\/div><div class=\"w-btn-wrapper align_none\"><a class=\"w-btn us-btn-style_1\" target=\"_blank\" href=\"https:\/\/www.vandenelzenplants.com\/fr\/produits\/framboisiers\/\"><span class=\"w-btn-label\">Ofelia SO<\/span><\/a><\/div><div class=\"w-btn-wrapper align_none\"><a class=\"w-btn us-btn-style_1\" target=\"_blank\" href=\"https:\/\/www.vandenelzenplants.com\/fr\/produits\/framboisiers\/\"><span class=\"w-btn-label\">Optima<\/span><\/a><\/div><div class=\"w-btn-wrapper align_none\"><a class=\"w-btn us-btn-style_1\" target=\"_blank\" href=\"https:\/\/www.vandenelzenplants.com\/fr\/planten\/tulameen\/\"><span class=\"w-btn-label\">Tulameen<\/span><\/a><\/div><div class=\"w-btn-wrapper align_none\"><a class=\"w-btn us-btn-style_1\" target=\"_blank\" href=\"https:\/\/www.vandenelzenplants.com\/fr\/planten\/vajolet\/\"><span class=\"w-btn-label\">Vajolet<\/span><\/a><\/div><div class=\"w-btn-wrapper align_none\"><a class=\"w-btn us-btn-style_1\" target=\"_blank\" href=\"https:\/\/www.vandenelzenplants.com\/fr\/produits\/framboisiers\/\"><span class=\"w-btn-label\">Zawadi<\/span><\/a><\/div><\/div><\/div><\/div><\/div><\/div><\/section>","protected":false},"excerpt":{"rendered":"Longcanes Terug naar overzichtLongcanes worden voornamelijk geteeld voor productie in tunnels en kassen. De longcane wordt geteeld in substraat om de plant optimaal te kunnen sturen. Bij een gelijktijdige goede uitloop van de knoppen na het planten ontstaan lateralen die bloemen geven waarna bestoven vruchten uit groeien. Op deze manier kan de teler zijn oogstmoment...","protected":false},"author":1,"featured_media":0,"parent":3582,"menu_order":0,"comment_status":"closed","ping_status":"closed","template":"","meta":{"footnotes":""},"class_list":["post-4084","page","type-page","status-publish","hentry"],"yoast_head":"<!-- This site is optimized with the Yoast SEO plugin v27.4 - https:\/\/yoast.com\/product\/yoast-seo-wordpress\/ -->\n<title>Longcanes - Van Den Elzen<\/title>\n<meta name=\"robots\" content=\"index, follow, max-snippet:-1, max-image-preview:large, max-video-preview:-1\" \/>\n<link rel=\"canonical\" href=\"https:\/\/www.vandenelzenplants.com\/fr\/produits\/framboisiers\/longcanes\/\" \/>\n<meta property=\"og:locale\" content=\"fr_FR\" \/>\n<meta property=\"og:type\" content=\"article\" \/>\n<meta property=\"og:title\" content=\"Longcanes - Van Den Elzen\" \/>\n<meta property=\"og:url\" content=\"https:\/\/www.vandenelzenplants.com\/fr\/produits\/framboisiers\/longcanes\/\" \/>\n<meta property=\"og:site_name\" content=\"Van Den Elzen\" \/>\n<meta property=\"article:publisher\" content=\"https:\/\/nl-nl.facebook.com\/pages\/category\/Interest\/Van-den-Elzen-Plants-1284105098316678\/\" \/>\n<meta property=\"article:modified_time\" content=\"2025-09-17T08:18:51+00:00\" \/>\n<meta name=\"twitter:card\" content=\"summary_large_image\" \/>\n<meta name=\"twitter:label1\" content=\"Dur\u00e9e de lecture estim\u00e9e\" \/>\n\t<meta name=\"twitter:data1\" content=\"1 minute\" \/>\n<script type=\"application\/ld+json\" class=\"yoast-schema-graph\">{\"@context\":\"https:\\\/\\\/schema.org\",\"@graph\":[{\"@type\":\"WebPage\",\"@id\":\"https:\\\/\\\/www.vandenelzenplants.com\\\/producten\\\/frambozenplanten\\\/longcanes\\\/\",\"url\":\"https:\\\/\\\/www.vandenelzenplants.com\\\/producten\\\/frambozenplanten\\\/longcanes\\\/\",\"name\":\"Longcanes - Van Den Elzen\",\"isPartOf\":{\"@id\":\"https:\\\/\\\/www.vandenelzenplants.com\\\/#website\"},\"datePublished\":\"2022-02-01T10:37:51+00:00\",\"dateModified\":\"2025-09-17T08:18:51+00:00\",\"breadcrumb\":{\"@id\":\"https:\\\/\\\/www.vandenelzenplants.com\\\/producten\\\/frambozenplanten\\\/longcanes\\\/#breadcrumb\"},\"inLanguage\":\"fr-FR\",\"potentialAction\":[{\"@type\":\"ReadAction\",\"target\":[\"https:\\\/\\\/www.vandenelzenplants.com\\\/producten\\\/frambozenplanten\\\/longcanes\\\/\"]}]},{\"@type\":\"BreadcrumbList\",\"@id\":\"https:\\\/\\\/www.vandenelzenplants.com\\\/producten\\\/frambozenplanten\\\/longcanes\\\/#breadcrumb\",\"itemListElement\":[{\"@type\":\"ListItem\",\"position\":1,\"name\":\"Home\",\"item\":\"https:\\\/\\\/www.vandenelzenplants.com\\\/\"},{\"@type\":\"ListItem\",\"position\":2,\"name\":\"Producten\",\"item\":\"https:\\\/\\\/www.vandenelzenplants.com\\\/producten\\\/\"},{\"@type\":\"ListItem\",\"position\":3,\"name\":\"Frambozenplanten\",\"item\":\"https:\\\/\\\/www.vandenelzenplants.com\\\/producten\\\/frambozenplanten\\\/\"},{\"@type\":\"ListItem\",\"position\":4,\"name\":\"Longcanes\"}]},{\"@type\":\"WebSite\",\"@id\":\"https:\\\/\\\/www.vandenelzenplants.com\\\/#website\",\"url\":\"https:\\\/\\\/www.vandenelzenplants.com\\\/\",\"name\":\"Van Den Elzen\",\"description\":\"Experts in propagation\",\"publisher\":{\"@id\":\"https:\\\/\\\/www.vandenelzenplants.com\\\/#organization\"},\"potentialAction\":[{\"@type\":\"SearchAction\",\"target\":{\"@type\":\"EntryPoint\",\"urlTemplate\":\"https:\\\/\\\/www.vandenelzenplants.com\\\/?s={search_term_string}\"},\"query-input\":{\"@type\":\"PropertyValueSpecification\",\"valueRequired\":true,\"valueName\":\"search_term_string\"}}],\"inLanguage\":\"fr-FR\"},{\"@type\":\"Organization\",\"@id\":\"https:\\\/\\\/www.vandenelzenplants.com\\\/#organization\",\"name\":\"Van Den Elzen plants\",\"url\":\"https:\\\/\\\/www.vandenelzenplants.com\\\/\",\"logo\":{\"@type\":\"ImageObject\",\"inLanguage\":\"fr-FR\",\"@id\":\"https:\\\/\\\/www.vandenelzenplants.com\\\/#\\\/schema\\\/logo\\\/image\\\/\",\"url\":\"https:\\\/\\\/www.vandenelzenplants.com\\\/wp-content\\\/uploads\\\/2021\\\/03\\\/Logo_Van-den-Elzen_v2.png\",\"contentUrl\":\"https:\\\/\\\/www.vandenelzenplants.com\\\/wp-content\\\/uploads\\\/2021\\\/03\\\/Logo_Van-den-Elzen_v2.png\",\"width\":340,\"height\":393,\"caption\":\"Van Den Elzen plants\"},\"image\":{\"@id\":\"https:\\\/\\\/www.vandenelzenplants.com\\\/#\\\/schema\\\/logo\\\/image\\\/\"},\"sameAs\":[\"https:\\\/\\\/nl-nl.facebook.com\\\/pages\\\/category\\\/Interest\\\/Van-den-Elzen-Plants-1284105098316678\\\/\",\"https:\\\/\\\/www.instagram.com\\\/vandenelzenplants\\\/\",\"https:\\\/\\\/www.youtube.com\\\/channel\\\/UCTTrDs1pCRfyTQh7ov9tgLw\"]}]}<\/script>\n<!-- \/ Yoast SEO plugin. -->","yoast_head_json":{"title":"Longcanes - Van Den Elzen","robots":{"index":"index","follow":"follow","max-snippet":"max-snippet:-1","max-image-preview":"max-image-preview:large","max-video-preview":"max-video-preview:-1"},"canonical":"https:\/\/www.vandenelzenplants.com\/fr\/produits\/framboisiers\/longcanes\/","og_locale":"fr_FR","og_type":"article","og_title":"Longcanes - Van Den Elzen","og_url":"https:\/\/www.vandenelzenplants.com\/fr\/produits\/framboisiers\/longcanes\/","og_site_name":"Van Den Elzen","article_publisher":"https:\/\/nl-nl.facebook.com\/pages\/category\/Interest\/Van-den-Elzen-Plants-1284105098316678\/","article_modified_time":"2025-09-17T08:18:51+00:00","twitter_card":"summary_large_image","twitter_misc":{"Dur\u00e9e de lecture estim\u00e9e":"1 minute"},"schema":{"@context":"https:\/\/schema.org","@graph":[{"@type":"WebPage","@id":"https:\/\/www.vandenelzenplants.com\/producten\/frambozenplanten\/longcanes\/","url":"https:\/\/www.vandenelzenplants.com\/producten\/frambozenplanten\/longcanes\/","name":"Longcanes - Van Den Elzen","isPartOf":{"@id":"https:\/\/www.vandenelzenplants.com\/#website"},"datePublished":"2022-02-01T10:37:51+00:00","dateModified":"2025-09-17T08:18:51+00:00","breadcrumb":{"@id":"https:\/\/www.vandenelzenplants.com\/producten\/frambozenplanten\/longcanes\/#breadcrumb"},"inLanguage":"fr-FR","potentialAction":[{"@type":"ReadAction","target":["https:\/\/www.vandenelzenplants.com\/producten\/frambozenplanten\/longcanes\/"]}]},{"@type":"BreadcrumbList","@id":"https:\/\/www.vandenelzenplants.com\/producten\/frambozenplanten\/longcanes\/#breadcrumb","itemListElement":[{"@type":"ListItem","position":1,"name":"Home","item":"https:\/\/www.vandenelzenplants.com\/"},{"@type":"ListItem","position":2,"name":"Producten","item":"https:\/\/www.vandenelzenplants.com\/producten\/"},{"@type":"ListItem","position":3,"name":"Frambozenplanten","item":"https:\/\/www.vandenelzenplants.com\/producten\/frambozenplanten\/"},{"@type":"ListItem","position":4,"name":"Longcanes"}]},{"@type":"WebSite","@id":"https:\/\/www.vandenelzenplants.com\/#website","url":"https:\/\/www.vandenelzenplants.com\/","name":"Van Den Elzen","description":"Experts in propagation","publisher":{"@id":"https:\/\/www.vandenelzenplants.com\/#organization"},"potentialAction":[{"@type":"SearchAction","target":{"@type":"EntryPoint","urlTemplate":"https:\/\/www.vandenelzenplants.com\/?s={search_term_string}"},"query-input":{"@type":"PropertyValueSpecification","valueRequired":true,"valueName":"search_term_string"}}],"inLanguage":"fr-FR"},{"@type":"Organization","@id":"https:\/\/www.vandenelzenplants.com\/#organization","name":"Van Den Elzen plants","url":"https:\/\/www.vandenelzenplants.com\/","logo":{"@type":"ImageObject","inLanguage":"fr-FR","@id":"https:\/\/www.vandenelzenplants.com\/#\/schema\/logo\/image\/","url":"https:\/\/www.vandenelzenplants.com\/wp-content\/uploads\/2021\/03\/Logo_Van-den-Elzen_v2.png","contentUrl":"https:\/\/www.vandenelzenplants.com\/wp-content\/uploads\/2021\/03\/Logo_Van-den-Elzen_v2.png","width":340,"height":393,"caption":"Van Den Elzen plants"},"image":{"@id":"https:\/\/www.vandenelzenplants.com\/#\/schema\/logo\/image\/"},"sameAs":["https:\/\/nl-nl.facebook.com\/pages\/category\/Interest\/Van-den-Elzen-Plants-1284105098316678\/","https:\/\/www.instagram.com\/vandenelzenplants\/","https:\/\/www.youtube.com\/channel\/UCTTrDs1pCRfyTQh7ov9tgLw"]}]}},"_links":{"self":[{"href":"https:\/\/www.vandenelzenplants.com\/fr\/wp-json\/wp\/v2\/pages\/4084","targetHints":{"allow":["GET"]}}],"collection":[{"href":"https:\/\/www.vandenelzenplants.com\/fr\/wp-json\/wp\/v2\/pages"}],"about":[{"href":"https:\/\/www.vandenelzenplants.com\/fr\/wp-json\/wp\/v2\/types\/page"}],"author":[{"embeddable":true,"href":"https:\/\/www.vandenelzenplants.com\/fr\/wp-json\/wp\/v2\/users\/1"}],"replies":[{"embeddable":true,"href":"https:\/\/www.vandenelzenplants.com\/fr\/wp-json\/wp\/v2\/comments?post=4084"}],"version-history":[{"count":0,"href":"https:\/\/www.vandenelzenplants.com\/fr\/wp-json\/wp\/v2\/pages\/4084\/revisions"}],"up":[{"embeddable":true,"href":"https:\/\/www.vandenelzenplants.com\/fr\/wp-json\/wp\/v2\/pages\/3582"}],"wp:attachment":[{"href":"https:\/\/www.vandenelzenplants.com\/fr\/wp-json\/wp\/v2\/media?parent=4084"}],"curies":[{"name":"wp","href":"https:\/\/api.w.org\/{rel}","templated":true}]}}